{"id":444,"date":"2018-08-15T20:22:50","date_gmt":"2018-08-15T18:22:50","guid":{"rendered":"http:\/\/www.ajafec.ch\/?page_id=444"},"modified":"2020-10-23T23:10:17","modified_gmt":"2020-10-23T21:10:17","slug":"2019-2","status":"publish","type":"page","link":"https:\/\/www.ajafec.ch\/2019-2\/","title":{"rendered":"2019"},"content":{"rendered":"<p>[et_pb_section fb_built=\u00a0\u00bb1&Prime; fullwidth=\u00a0\u00bbon\u00a0\u00bb _builder_version=\u00a0\u00bb3.18.4&Prime;][et_pb_fullwidth_image src=\u00a0\u00bbhttps:\/\/www.ajafec.ch\/wp-content\/uploads\/2020\/10\/Bandeau_Agenda.png\u00a0\u00bb _builder_version=\u00a0\u00bb3.18.4&Prime;][\/et_pb_fullwidth_image][\/et_pb_section][et_pb_section fb_built=\u00a0\u00bb1&Prime; admin_label=\u00a0\u00bbsection\u00a0\u00bb _builder_version=\u00a0\u00bb3.0.47&Prime; custom_padding=\u00a0\u00bb30px|0px|54px|0px|false|false\u00a0\u00bb][et_pb_row _builder_version=\u00a0\u00bb3.18.4&Prime; custom_padding=\u00a0\u00bb0|0px|0|0px|false|false\u00a0\u00bb][et_pb_column type=\u00a0\u00bb4_4&Prime; _builder_version=\u00a0\u00bb3.18.4&Prime; parallax=\u00a0\u00bboff\u00a0\u00bb parallax_method=\u00a0\u00bbon\u00a0\u00bb][et_pb_post_title meta=\u00a0\u00bboff\u00a0\u00bb featured_image=\u00a0\u00bboff\u00a0\u00bb _builder_version=\u00a0\u00bb3.18.4&Prime;][\/et_pb_post_title][\/et_pb_column][\/et_pb_row][et_pb_row admin_label=\u00a0\u00bbrow\u00a0\u00bb _builder_version=\u00a0\u00bb3.0.48&Prime; background_size=\u00a0\u00bbinitial\u00a0\u00bb background_position=\u00a0\u00bbtop_left\u00a0\u00bb background_repeat=\u00a0\u00bbrepeat\u00a0\u00bb][et_pb_column type=\u00a0\u00bb4_4&Prime; _builder_version=\u00a0\u00bb3.0.47&Prime; parallax=\u00a0\u00bboff\u00a0\u00bb parallax_method=\u00a0\u00bbon\u00a0\u00bb][et_pb_text admin_label=\u00a0\u00bbText\u00a0\u00bb _builder_version=\u00a0\u00bb3.0.74&Prime; background_size=\u00a0\u00bbinitial\u00a0\u00bb background_position=\u00a0\u00bbtop_left\u00a0\u00bb background_repeat=\u00a0\u00bbrepeat\u00a0\u00bb]<\/p>\n<div class=\"et_pb_column et_pb_column_4_4 et_pb_column_1    et_pb_css_mix_blend_mode_passthrough et-last-child\">\n<div class=\"et_pb_module et_pb_text et_pb_text_0 et_pb_bg_layout_light  et_pb_text_align_left\">\n<div class=\"et_pb_text_inner\">\n<p>Des activit\u00e9s ludiques ainsi que des sorties sont organis\u00e9es tout au long de l\u2019ann\u00e9e. Elles sont destin\u00e9es aux enfants malades, mais aussi \u00e0 leurs fr\u00e8res et s\u0153urs ainsi qu\u2019\u00e0 leurs parents, afin de favoriser les\u00a0 \u00e9changes entre les familles.<\/p>\n<\/div>\n<\/div>\n<\/div>\n<p>Vous trouverez ci-dessous la liste des diff\u00e9rentes activit\u00e9s de l&rsquo;AJAFEC durant l&rsquo;ann\u00e9e 2019 :<\/p>\n\n<table id=\"tablepress-7\" class=\"tablepress tablepress-id-7 tbody-has-connected-cells\">\n<thead>\n<tr class=\"row-1\">\n\t<th class=\"column-1\">Date<\/th><th class=\"column-2\">Activit\u00e9 \/ informations<\/th>\n<\/tr>\n<\/thead>\n<tbody class=\"row-hover\">\n<tr class=\"row-2\">\n\t<td class=\"column-1\">25 - 27 janvier<\/td><td class=\"column-2\">Week-end de ski pour les familles \u00e0 Charmey<\/td>\n<\/tr>\n<tr class=\"row-3\">\n\t<td class=\"column-1\">8 f\u00e9vrier<\/td><td class=\"column-2\">Assembl\u00e9e G\u00e9n\u00e9rale en Ajoie, \u00e0 Bure<\/td>\n<\/tr>\n<tr class=\"row-4\">\n\t<td class=\"column-1\">15 f\u00e9vrier<\/td><td class=\"column-2\">Journ\u00e9e internationale du cancer de l'enfant<\/td>\n<\/tr>\n<tr class=\"row-5\">\n\t<td class=\"column-1\">15 f\u00e9vrier<\/td><td class=\"column-2\">Conf\u00e9rence de St\u00e9phanie Fugain, pr\u00e9sidente de l'association Laurette Fugain.<br \/>\nBas\u00e9e \u00e0 Paris, l'association Laurette Fugain a pour but de soutenir la recherche m\u00e9dicale, de mobiliser autour des Dons de Vie (sang, plaquettes, moelle osseuse) et d'aider les patients et les familles<\/td>\n<\/tr>\n<tr class=\"row-6\">\n\t<td class=\"column-1\">9 mars<\/td><td class=\"column-2\">Fondue du Kiwanis, en faveur de l'AJAFEC<\/td>\n<\/tr>\n<tr class=\"row-7\">\n\t<td class=\"column-1\">23 mars<\/td><td class=\"column-2\">Soupe aux pois et risotto \u00e0 Reconvilier.<br \/>\nN'h\u00e9sitez pas \u00e0 venir d\u00e9guster ces excellents mets pr\u00e9par\u00e9s par des personnes sensibles \u00e0 notre cause. Merci \u00e0 eux pour leur engagement.<\/td>\n<\/tr>\n<tr class=\"row-8\">\n\t<td class=\"column-1\">24 mars\u00a0\u00a0\u00a0\u00a0\u00a0\u00a0\u00a0\u00a0\u00a0<\/td><td class=\"column-2\">Concert \u00e0 l'Eglise de Chaindon \u00e0 Reconvilier\u00a0<\/td>\n<\/tr>\n<tr class=\"row-9\">\n\t<td class=\"column-1\">27 avril<\/td><td class=\"column-2\">Vente de p\u00e2tisseries \u00e0 la foire de Porrentruy et dans le centre COOP de  Bassecourt.<br \/>\nNous tiendrons des stands pour informer la population des activit\u00e9s de l'AJAFEC et vendrons \u00e9galement de multiples friandises, tresses, cakes et autres succulentes g\u00e2teries.  <\/td>\n<\/tr>\n<tr class=\"row-10\">\n\t<td class=\"column-1\">4 mai<\/td><td class=\"column-2\">March\u00e9 printanier du Fuet <br \/>\nBar \u00e0 sirop tenu par 4 enfants pour l'AJAFEC<\/td>\n<\/tr>\n<tr class=\"row-11\">\n\t<td class=\"column-1\">26 mai<\/td><td class=\"column-2\">Manifestation organis\u00e9e avec le groupe d'Harley Davidson JURA CHAPTER \u00e0 Alle<\/td>\n<\/tr>\n<tr class=\"row-12\">\n\t<td class=\"column-1\">14 juillet\u00a0\u00a0<\/td><td class=\"column-2\">2\u00e8me \u00e9dition de La Mervelinde \/ Mervelier - distance 10,3 km d\u00e9nivel\u00e9 positif : 644m.<br \/>\nCette manifestation sportive compend course \u00e0 pied et marche nordic. pour tout un chacun.<br \/>\nMERCI \u00e0 Bastien pour cette belle initiative !<\/td>\n<\/tr>\n<tr class=\"row-13\">\n\t<td class=\"column-1\">Juillet<\/td><td class=\"column-2\">Participation de quelques enfants de l'association \u00e0 La Croisi\u00e8re de l'Espoir\".<br \/>\nUne semaine de bonheur sur un bateau en Mediterran\u00e9e avec des enfants en provenance d'autres cantons.<\/td>\n<\/tr>\n<tr class=\"row-14\">\n\t<td class=\"column-1\">30 ao\u00fbt<\/td><td class=\"column-2\">Soir\u00e9e Paella &amp; Cocktails organis\u00e9e par Printemps dans l'Ajoie.<br \/>\n<br \/>\nLa totalit\u00e9 des b\u00e9n\u00e9fices sera revers\u00e9e \u00e0 l'AJAFEC<\/td>\n<\/tr>\n<tr class=\"row-15\">\n\t<td class=\"column-1\">Septembre<\/td><td class=\"column-2\">Mois du cancer de l'enfant<\/td>\n<\/tr>\n<tr class=\"row-16\">\n\t<td class=\"column-1\">7 septembre<\/td><td class=\"column-2\">Journ\u00e9e d'animation avec Jura D\u00e9couverte Nature, suivie du pique-nique annuel de l'AJAFEC<\/td>\n<\/tr>\n<tr class=\"row-17\">\n\t<td class=\"column-1\">21 septembre<\/td><td class=\"column-2\">Invitation lors de l'inauguration de la Distillerie de Porrentruy<\/td>\n<\/tr>\n<tr class=\"row-18\">\n\t<td class=\"column-1\">4-6 octobre<\/td><td class=\"column-2\">Week-end automnale des familles<\/td>\n<\/tr>\n<tr class=\"row-19\">\n\t<td class=\"column-1\">2-6 octobre<\/td><td class=\"column-2\">Pr\u00e9sence de l'AJAFEC sur un stand du Comptoir Franc-Montagnard 2019, en collaboration avec l'ARFEC<\/td>\n<\/tr>\n<tr class=\"row-20\">\n\t<td class=\"column-1\">28 d\u00e9cembre<\/td><td class=\"column-2\">Course \u00e0 pied l'Hivern'Alle<\/td>\n<\/tr>\n<tr class=\"row-21\">\n\t<td class=\"column-1\">18-21 janvier 2020<\/td><td class=\"column-2\">Voyage surprise pour les enfants de l'AJAFEC<\/td>\n<\/tr>\n<tr class=\"row-22\">\n\t<td class=\"column-1\"><\/td><td class=\"column-2\"><\/td>\n<\/tr>\n<tr class=\"row-23\">\n\t<td colspan=\"2\" class=\"column-1\">UN GRAND MERCI \u00e0 toutes les personnes qui chaque ann\u00e9e nous soutiennent pour permettre la r\u00e9alisation de ces diff\u00e9rentes activit\u00e9s destin\u00e9es aux enfants et \u00e0 leur famille.<\/td>\n<\/tr>\n<\/tbody>\n<\/table>\n<!-- #tablepress-7 from cache -->\n<p>[\/et_pb_text][\/et_pb_column][\/et_pb_row][\/et_pb_section]<\/p>\n","protected":false},"excerpt":{"rendered":"<p>Des activit\u00e9s ludiques ainsi que des sorties sont organis\u00e9es tout au long de l\u2019ann\u00e9e. Elles sont destin\u00e9es aux enfants malades, mais aussi \u00e0 leurs fr\u00e8res et s\u0153urs ainsi qu\u2019\u00e0 leurs parents, afin de favoriser les\u00a0 \u00e9changes entre les familles. Vous trouverez ci-dessous la liste des diff\u00e9rentes activit\u00e9s de l&rsquo;AJAFEC durant l&rsquo;ann\u00e9e 2019 : \n<table id=\"tablepress-7-no-2\" class=\"tablepress tablepress-id-7 tbody-has-connected-cells\">\n<thead>\n<tr class=\"row-1\">\n\t<th class=\"column-1\">Date<\/th><th class=\"column-2\">Activit\u00e9 \/ informations<\/th>\n<\/tr>\n<\/thead>\n<tbody class=\"row-hover\">\n<tr class=\"row-2\">\n\t<td class=\"column-1\">25 - 27 janvier<\/td><td class=\"column-2\">Week-end de ski pour les familles \u00e0 Charmey<\/td>\n<\/tr>\n<tr class=\"row-3\">\n\t<td class=\"column-1\">8 f\u00e9vrier<\/td><td class=\"column-2\">Assembl\u00e9e G\u00e9n\u00e9rale en Ajoie, \u00e0 Bure<\/td>\n<\/tr>\n<tr class=\"row-4\">\n\t<td class=\"column-1\">15 f\u00e9vrier<\/td><td class=\"column-2\">Journ\u00e9e internationale du cancer de l'enfant<\/td>\n<\/tr>\n<tr class=\"row-5\">\n\t<td class=\"column-1\">15 f\u00e9vrier<\/td><td class=\"column-2\">Conf\u00e9rence de St\u00e9phanie Fugain, pr\u00e9sidente de l'association Laurette Fugain.<br \/>\nBas\u00e9e \u00e0 Paris, l'association Laurette Fugain a pour but de soutenir la recherche m\u00e9dicale, de mobiliser autour des Dons de Vie (sang, plaquettes, moelle osseuse) et d'aider les patients et les familles<\/td>\n<\/tr>\n<tr class=\"row-6\">\n\t<td class=\"column-1\">9 mars<\/td><td class=\"column-2\">Fondue du Kiwanis, en faveur de l'AJAFEC<\/td>\n<\/tr>\n<tr class=\"row-7\">\n\t<td class=\"column-1\">23 mars<\/td><td class=\"column-2\">Soupe aux pois et risotto \u00e0 Reconvilier.<br \/>\nN'h\u00e9sitez pas \u00e0 venir d\u00e9guster ces excellents mets pr\u00e9par\u00e9s par des personnes sensibles \u00e0 notre cause. Merci \u00e0 eux pour leur engagement.<\/td>\n<\/tr>\n<tr class=\"row-8\">\n\t<td class=\"column-1\">24 mars\u00a0\u00a0\u00a0\u00a0\u00a0\u00a0\u00a0\u00a0\u00a0<\/td><td class=\"column-2\">Concert \u00e0 l'Eglise de Chaindon \u00e0 Reconvilier\u00a0<\/td>\n<\/tr>\n<tr class=\"row-9\">\n\t<td class=\"column-1\">27 avril<\/td><td class=\"column-2\">Vente de p\u00e2tisseries \u00e0 la foire de Porrentruy et dans le centre COOP de  Bassecourt.<br \/>\nNous tiendrons des stands pour informer la population des activit\u00e9s de l'AJAFEC et vendrons \u00e9galement de multiples friandises, tresses, cakes et autres succulentes g\u00e2teries.  <\/td>\n<\/tr>\n<tr class=\"row-10\">\n\t<td class=\"column-1\">4 mai<\/td><td class=\"column-2\">March\u00e9 printanier du Fuet <br \/>\nBar \u00e0 sirop tenu par 4 enfants pour l'AJAFEC<\/td>\n<\/tr>\n<tr class=\"row-11\">\n\t<td class=\"column-1\">26 mai<\/td><td class=\"column-2\">Manifestation organis\u00e9e avec le groupe d'Harley Davidson JURA CHAPTER \u00e0 Alle<\/td>\n<\/tr>\n<tr class=\"row-12\">\n\t<td class=\"column-1\">14 juillet\u00a0\u00a0<\/td><td class=\"column-2\">2\u00e8me \u00e9dition de La Mervelinde \/ Mervelier - distance 10,3 km d\u00e9nivel\u00e9 positif : 644m.<br \/>\nCette manifestation sportive compend course \u00e0 pied et marche nordic. pour tout un chacun.<br \/>\nMERCI \u00e0 Bastien pour cette belle initiative !<\/td>\n<\/tr>\n<tr class=\"row-13\">\n\t<td class=\"column-1\">Juillet<\/td><td class=\"column-2\">Participation de quelques enfants de l'association \u00e0 La Croisi\u00e8re de l'Espoir\".<br \/>\nUne semaine de bonheur sur un bateau en Mediterran\u00e9e avec des enfants en provenance d'autres cantons.<\/td>\n<\/tr>\n<tr class=\"row-14\">\n\t<td class=\"column-1\">30 ao\u00fbt<\/td><td class=\"column-2\">Soir\u00e9e Paella &amp; Cocktails organis\u00e9e par Printemps dans l'Ajoie.<br \/>\n<br \/>\nLa totalit\u00e9 des b\u00e9n\u00e9fices sera revers\u00e9e \u00e0 l'AJAFEC<\/td>\n<\/tr>\n<tr class=\"row-15\">\n\t<td class=\"column-1\">Septembre<\/td><td class=\"column-2\">Mois du cancer de l'enfant<\/td>\n<\/tr>\n<tr class=\"row-16\">\n\t<td class=\"column-1\">7 septembre<\/td><td class=\"column-2\">Journ\u00e9e d'animation avec Jura D\u00e9couverte Nature, suivie du pique-nique annuel de l'AJAFEC<\/td>\n<\/tr>\n<tr class=\"row-17\">\n\t<td class=\"column-1\">21 septembre<\/td><td class=\"column-2\">Invitation lors de l'inauguration de la Distillerie de Porrentruy<\/td>\n<\/tr>\n<tr class=\"row-18\">\n\t<td class=\"column-1\">4-6 octobre<\/td><td class=\"column-2\">Week-end automnale des familles<\/td>\n<\/tr>\n<tr class=\"row-19\">\n\t<td class=\"column-1\">2-6 octobre<\/td><td class=\"column-2\">Pr\u00e9sence de l'AJAFEC sur un stand du Comptoir Franc-Montagnard 2019, en collaboration avec l'ARFEC<\/td>\n<\/tr>\n<tr class=\"row-20\">\n\t<td class=\"column-1\">28 d\u00e9cembre<\/td><td class=\"column-2\">Course \u00e0 pied l'Hivern'Alle<\/td>\n<\/tr>\n<tr class=\"row-21\">\n\t<td class=\"column-1\">18-21 janvier 2020<\/td><td class=\"column-2\">Voyage surprise pour les enfants de l'AJAFEC<\/td>\n<\/tr>\n<tr class=\"row-22\">\n\t<td class=\"column-1\"><\/td><td class=\"column-2\"><\/td>\n<\/tr>\n<tr class=\"row-23\">\n\t<td colspan=\"2\" class=\"column-1\">UN GRAND MERCI \u00e0 toutes les personnes qui chaque ann\u00e9e nous soutiennent pour permettre la r\u00e9alisation de ces diff\u00e9rentes activit\u00e9s destin\u00e9es aux enfants et \u00e0 leur famille.<\/td>\n<\/tr>\n<\/tbody>\n<\/table>\n<\/p>\n","protected":false},"author":1,"featured_media":0,"parent":0,"menu_order":0,"comment_status":"closed","ping_status":"closed","template":"","meta":{"_et_pb_use_builder":"on","_et_pb_old_content":"Vous trouverez ci-dessous la liste des diff\u00e9rentes activit\u00e9s de l'AJAFEC durant l'ann\u00e9e 2019 :\r\n\r\n[table id=7 \/]","_et_gb_content_width":"","footnotes":""},"class_list":["post-444","page","type-page","status-publish","hentry"],"yoast_head":"<!-- This site is optimized with the Yoast SEO plugin v27.3 - https:\/\/yoast.com\/product\/yoast-seo-wordpress\/ -->\n<title>2019 - AJAFEC<\/title>\n<meta name=\"robots\" content=\"index, follow, max-snippet:-1, max-image-preview:large, max-video-preview:-1\" \/>\n<link rel=\"canonical\" href=\"https:\/\/www.ajafec.ch\/2019-2\/\" \/>\n<meta property=\"og:locale\" content=\"fr_FR\" \/>\n<meta property=\"og:type\" content=\"article\" \/>\n<meta property=\"og:title\" content=\"2019 - AJAFEC\" \/>\n<meta property=\"og:description\" content=\"Des activit\u00e9s ludiques ainsi que des sorties sont organis\u00e9es tout au long de l\u2019ann\u00e9e. Elles sont destin\u00e9es aux enfants malades, mais aussi \u00e0 leurs fr\u00e8res et s\u0153urs ainsi qu\u2019\u00e0 leurs parents, afin de favoriser les\u00a0 \u00e9changes entre les familles. Vous trouverez ci-dessous la liste des diff\u00e9rentes activit\u00e9s de l&#039;AJAFEC durant l&#039;ann\u00e9e 2019 :\" \/>\n<meta property=\"og:url\" content=\"https:\/\/www.ajafec.ch\/2019-2\/\" \/>\n<meta property=\"og:site_name\" content=\"AJAFEC\" \/>\n<meta property=\"article:publisher\" content=\"https:\/\/www.facebook.com\/ajafec\" \/>\n<meta property=\"article:modified_time\" content=\"2020-10-23T21:10:17+00:00\" \/>\n<meta name=\"twitter:card\" content=\"summary_large_image\" \/>\n<meta name=\"twitter:label1\" content=\"Dur\u00e9e de lecture estim\u00e9e\" \/>\n\t<meta name=\"twitter:data1\" content=\"1 minute\" \/>\n<script type=\"application\/ld+json\" class=\"yoast-schema-graph\">{\"@context\":\"https:\\\/\\\/schema.org\",\"@graph\":[{\"@type\":\"WebPage\",\"@id\":\"https:\\\/\\\/www.ajafec.ch\\\/2019-2\\\/\",\"url\":\"https:\\\/\\\/www.ajafec.ch\\\/2019-2\\\/\",\"name\":\"2019 - AJAFEC\",\"isPartOf\":{\"@id\":\"https:\\\/\\\/www.ajafec.ch\\\/#website\"},\"datePublished\":\"2018-08-15T18:22:50+00:00\",\"dateModified\":\"2020-10-23T21:10:17+00:00\",\"breadcrumb\":{\"@id\":\"https:\\\/\\\/www.ajafec.ch\\\/2019-2\\\/#breadcrumb\"},\"inLanguage\":\"fr-FR\",\"potentialAction\":[{\"@type\":\"ReadAction\",\"target\":[\"https:\\\/\\\/www.ajafec.ch\\\/2019-2\\\/\"]}]},{\"@type\":\"BreadcrumbList\",\"@id\":\"https:\\\/\\\/www.ajafec.ch\\\/2019-2\\\/#breadcrumb\",\"itemListElement\":[{\"@type\":\"ListItem\",\"position\":1,\"name\":\"Accueil\",\"item\":\"https:\\\/\\\/www.ajafec.ch\\\/\"},{\"@type\":\"ListItem\",\"position\":2,\"name\":\"2019\"}]},{\"@type\":\"WebSite\",\"@id\":\"https:\\\/\\\/www.ajafec.ch\\\/#website\",\"url\":\"https:\\\/\\\/www.ajafec.ch\\\/\",\"name\":\"AJAFEC\",\"description\":\"Association Jurassienne d&#039;Aide aux Familles d&#039;Enfants atteints de Cancer\",\"publisher\":{\"@id\":\"https:\\\/\\\/www.ajafec.ch\\\/#organization\"},\"potentialAction\":[{\"@type\":\"SearchAction\",\"target\":{\"@type\":\"EntryPoint\",\"urlTemplate\":\"https:\\\/\\\/www.ajafec.ch\\\/?s={search_term_string}\"},\"query-input\":{\"@type\":\"PropertyValueSpecification\",\"valueRequired\":true,\"valueName\":\"search_term_string\"}}],\"inLanguage\":\"fr-FR\"},{\"@type\":\"Organization\",\"@id\":\"https:\\\/\\\/www.ajafec.ch\\\/#organization\",\"name\":\"AJAFEC\",\"url\":\"https:\\\/\\\/www.ajafec.ch\\\/\",\"logo\":{\"@type\":\"ImageObject\",\"inLanguage\":\"fr-FR\",\"@id\":\"https:\\\/\\\/www.ajafec.ch\\\/#\\\/schema\\\/logo\\\/image\\\/\",\"url\":\"https:\\\/\\\/www.ajafec.ch\\\/wp-content\\\/uploads\\\/2026\\\/04\\\/image_2026-04-01_224608345.png\",\"contentUrl\":\"https:\\\/\\\/www.ajafec.ch\\\/wp-content\\\/uploads\\\/2026\\\/04\\\/image_2026-04-01_224608345.png\",\"width\":599,\"height\":388,\"caption\":\"AJAFEC\"},\"image\":{\"@id\":\"https:\\\/\\\/www.ajafec.ch\\\/#\\\/schema\\\/logo\\\/image\\\/\"},\"sameAs\":[\"https:\\\/\\\/www.facebook.com\\\/ajafec\"]}]}<\/script>\n<!-- \/ Yoast SEO plugin. -->","yoast_head_json":{"title":"2019 - AJAFEC","robots":{"index":"index","follow":"follow","max-snippet":"max-snippet:-1","max-image-preview":"max-image-preview:large","max-video-preview":"max-video-preview:-1"},"canonical":"https:\/\/www.ajafec.ch\/2019-2\/","og_locale":"fr_FR","og_type":"article","og_title":"2019 - AJAFEC","og_description":"Des activit\u00e9s ludiques ainsi que des sorties sont organis\u00e9es tout au long de l\u2019ann\u00e9e. Elles sont destin\u00e9es aux enfants malades, mais aussi \u00e0 leurs fr\u00e8res et s\u0153urs ainsi qu\u2019\u00e0 leurs parents, afin de favoriser les\u00a0 \u00e9changes entre les familles. Vous trouverez ci-dessous la liste des diff\u00e9rentes activit\u00e9s de l'AJAFEC durant l'ann\u00e9e 2019 :","og_url":"https:\/\/www.ajafec.ch\/2019-2\/","og_site_name":"AJAFEC","article_publisher":"https:\/\/www.facebook.com\/ajafec","article_modified_time":"2020-10-23T21:10:17+00:00","twitter_card":"summary_large_image","twitter_misc":{"Dur\u00e9e de lecture estim\u00e9e":"1 minute"},"schema":{"@context":"https:\/\/schema.org","@graph":[{"@type":"WebPage","@id":"https:\/\/www.ajafec.ch\/2019-2\/","url":"https:\/\/www.ajafec.ch\/2019-2\/","name":"2019 - AJAFEC","isPartOf":{"@id":"https:\/\/www.ajafec.ch\/#website"},"datePublished":"2018-08-15T18:22:50+00:00","dateModified":"2020-10-23T21:10:17+00:00","breadcrumb":{"@id":"https:\/\/www.ajafec.ch\/2019-2\/#breadcrumb"},"inLanguage":"fr-FR","potentialAction":[{"@type":"ReadAction","target":["https:\/\/www.ajafec.ch\/2019-2\/"]}]},{"@type":"BreadcrumbList","@id":"https:\/\/www.ajafec.ch\/2019-2\/#breadcrumb","itemListElement":[{"@type":"ListItem","position":1,"name":"Accueil","item":"https:\/\/www.ajafec.ch\/"},{"@type":"ListItem","position":2,"name":"2019"}]},{"@type":"WebSite","@id":"https:\/\/www.ajafec.ch\/#website","url":"https:\/\/www.ajafec.ch\/","name":"AJAFEC","description":"Association Jurassienne d&#039;Aide aux Familles d&#039;Enfants atteints de Cancer","publisher":{"@id":"https:\/\/www.ajafec.ch\/#organization"},"potentialAction":[{"@type":"SearchAction","target":{"@type":"EntryPoint","urlTemplate":"https:\/\/www.ajafec.ch\/?s={search_term_string}"},"query-input":{"@type":"PropertyValueSpecification","valueRequired":true,"valueName":"search_term_string"}}],"inLanguage":"fr-FR"},{"@type":"Organization","@id":"https:\/\/www.ajafec.ch\/#organization","name":"AJAFEC","url":"https:\/\/www.ajafec.ch\/","logo":{"@type":"ImageObject","inLanguage":"fr-FR","@id":"https:\/\/www.ajafec.ch\/#\/schema\/logo\/image\/","url":"https:\/\/www.ajafec.ch\/wp-content\/uploads\/2026\/04\/image_2026-04-01_224608345.png","contentUrl":"https:\/\/www.ajafec.ch\/wp-content\/uploads\/2026\/04\/image_2026-04-01_224608345.png","width":599,"height":388,"caption":"AJAFEC"},"image":{"@id":"https:\/\/www.ajafec.ch\/#\/schema\/logo\/image\/"},"sameAs":["https:\/\/www.facebook.com\/ajafec"]}]}},"_links":{"self":[{"href":"https:\/\/www.ajafec.ch\/wp-json\/wp\/v2\/pages\/444","targetHints":{"allow":["GET"]}}],"collection":[{"href":"https:\/\/www.ajafec.ch\/wp-json\/wp\/v2\/pages"}],"about":[{"href":"https:\/\/www.ajafec.ch\/wp-json\/wp\/v2\/types\/page"}],"author":[{"embeddable":true,"href":"https:\/\/www.ajafec.ch\/wp-json\/wp\/v2\/users\/1"}],"replies":[{"embeddable":true,"href":"https:\/\/www.ajafec.ch\/wp-json\/wp\/v2\/comments?post=444"}],"version-history":[{"count":5,"href":"https:\/\/www.ajafec.ch\/wp-json\/wp\/v2\/pages\/444\/revisions"}],"predecessor-version":[{"id":2232,"href":"https:\/\/www.ajafec.ch\/wp-json\/wp\/v2\/pages\/444\/revisions\/2232"}],"wp:attachment":[{"href":"https:\/\/www.ajafec.ch\/wp-json\/wp\/v2\/media?parent=444"}],"curies":[{"name":"wp","href":"https:\/\/api.w.org\/{rel}","templated":true}]}}