{"id":2845,"date":"2022-01-15T15:52:35","date_gmt":"2022-01-15T14:52:35","guid":{"rendered":"http:\/\/www.ajafec.ch\/?page_id=2845"},"modified":"2022-01-15T15:52:35","modified_gmt":"2022-01-15T14:52:35","slug":"2022-2","status":"publish","type":"page","link":"https:\/\/www.ajafec.ch\/2022-2\/","title":{"rendered":"2022"},"content":{"rendered":"<p>[et_pb_section fb_built=\u00a0\u00bb1&Prime; fullwidth=\u00a0\u00bbon\u00a0\u00bb _builder_version=\u00a0\u00bb3.18.4&Prime;][et_pb_fullwidth_image src=\u00a0\u00bbhttps:\/\/www.ajafec.ch\/wp-content\/uploads\/2020\/10\/Bandeau_Agenda.png\u00a0\u00bb _builder_version=\u00a0\u00bb3.18.4&Prime;][\/et_pb_fullwidth_image][\/et_pb_section][et_pb_section fb_built=\u00a0\u00bb1&Prime; _builder_version=\u00a0\u00bb3.18.4&Prime; custom_padding=\u00a0\u00bb30px|0px|54px|0px|false|false\u00a0\u00bb][et_pb_row custom_padding=\u00a0\u00bb0|0px|0|0px|false|false\u00a0\u00bb _builder_version=\u00a0\u00bb3.18.4&Prime;][et_pb_column type=\u00a0\u00bb4_4&Prime; _builder_version=\u00a0\u00bb3.18.4&Prime; parallax=\u00a0\u00bboff\u00a0\u00bb parallax_method=\u00a0\u00bbon\u00a0\u00bb][et_pb_post_title meta=\u00a0\u00bboff\u00a0\u00bb featured_image=\u00a0\u00bboff\u00a0\u00bb _builder_version=\u00a0\u00bb3.18.4&Prime;][\/et_pb_post_title][\/et_pb_column][\/et_pb_row][et_pb_row _builder_version=\u00a0\u00bb3.18.4&Prime;][et_pb_column type=\u00a0\u00bb4_4&Prime; _builder_version=\u00a0\u00bb3.18.4&Prime; parallax=\u00a0\u00bboff\u00a0\u00bb parallax_method=\u00a0\u00bbon\u00a0\u00bb][et_pb_text _builder_version=\u00a0\u00bb3.18.4&Prime;]<\/p>\n<div class=\"et_pb_column et_pb_column_4_4 et_pb_column_1    et_pb_css_mix_blend_mode_passthrough et-last-child\">\n<div class=\"et_pb_module et_pb_text et_pb_text_0 et_pb_bg_layout_light  et_pb_text_align_left\">\n<div class=\"et_pb_text_inner\">\n<p>Des activit\u00e9s ludiques ainsi que des sorties sont organis\u00e9es tout au long de l\u2019ann\u00e9e. Elles sont destin\u00e9es aux enfants malades, mais aussi \u00e0 leurs fr\u00e8res et s\u0153urs ainsi qu\u2019\u00e0 leurs parents, afin de favoriser les\u00a0 \u00e9changes entre les familles.<\/p>\n<\/div>\n<\/div>\n<\/div>\n<p>Vous trouverez ci-dessous la liste des diff\u00e9rentes activit\u00e9s de l&rsquo;AJAFEC durant l&rsquo;ann\u00e9e 2022 :<\/p>\n\n<table id=\"tablepress-17\" class=\"tablepress tablepress-id-17 tbody-has-connected-cells\">\n<thead>\n<tr class=\"row-1\">\n\t<th class=\"column-1\">Date<\/th><th class=\"column-2\">Activit\u00e9 \/ informations<\/th>\n<\/tr>\n<\/thead>\n<tbody class=\"row-hover\">\n<tr class=\"row-2\">\n\t<td class=\"column-1\">8 janvier<\/td><td class=\"column-2\">Activit\u00e9 des familles - S\u00e9ance patinoire avec les joueurs du HC Vendlincourt et du Curling Club Ajoie<\/td>\n<\/tr>\n<tr class=\"row-3\">\n\t<td class=\"column-1\">28 - 30 janvier<\/td><td class=\"column-2\">ANNULE - Week-end de ski pour les familles<\/td>\n<\/tr>\n<tr class=\"row-4\">\n\t<td class=\"column-1\">12 f\u00e9vrier <\/td><td class=\"column-2\">Activit\u00e9 pour les enfants <br \/>\nVisite de l'Alimentarium \u00e0 Vevey et de l'AQUATIS \u00e0 Lausanne<\/td>\n<\/tr>\n<tr class=\"row-5\">\n\t<td class=\"column-1\">15 f\u00e9vrier<\/td><td class=\"column-2\">Journ\u00e9e internationale du cancer de l'enfant<\/td>\n<\/tr>\n<tr class=\"row-6\">\n\t<td class=\"column-1\">1er avril<\/td><td class=\"column-2\">Assembl\u00e9e G\u00e9n\u00e9rale au Restaurant de la Poste \u00e0 Glovelier<\/td>\n<\/tr>\n<tr class=\"row-7\">\n\t<td class=\"column-1\">3 avril<\/td><td class=\"column-2\">Concert de l'OFM \u00e0 Moutier en faveur de l'AJAFEC<\/td>\n<\/tr>\n<tr class=\"row-8\">\n\t<td class=\"column-1\">30 avril<\/td><td class=\"column-2\">Vente de p\u00e2tisseries \u00e0 la foire de Porrentruy et dans le centre COOP de  Del\u00e9mont.<br \/>\nNous tiendrons des stands pour informer la population des activit\u00e9s de l'AJAFEC et vendrons \u00e9galement de multiples friandises, tresses, cakes et autres succulentes g\u00e2teries.  <\/td>\n<\/tr>\n<tr class=\"row-9\">\n\t<td class=\"column-1\">6 mai<\/td><td class=\"column-2\">Conf\u00e9rence de Muriel Scibilia - Fr\u00e8res et soeurs : les grands oubli\u00e9s de la maladie<br \/>\nCin\u00e9mont Del\u00e9mont \u00e0 20h00<br \/>\n<br \/>\n<\/td>\n<\/tr>\n<tr class=\"row-10\">\n\t<td class=\"column-1\">13 - 15 mai<\/td><td class=\"column-2\">ANNULE - Week-end vert pour les familles<\/td>\n<\/tr>\n<tr class=\"row-11\">\n\t<td class=\"column-1\">3 - 5 juin<\/td><td class=\"column-2\">60\u00e8me anniversaire du FC Les Bois<\/td>\n<\/tr>\n<tr class=\"row-12\">\n\t<td class=\"column-1\">25 juin<\/td><td class=\"column-2\">Sortie des papas - \"Sentier du malt et sacs \u00e0 fondue\"<\/td>\n<\/tr>\n<tr class=\"row-13\">\n\t<td class=\"column-1\">3 - 8 juillet<\/td><td class=\"column-2\">Camp d'\u00e9t\u00e9 des enfants - G\u00eete du Lichen Bleu Saignel\u00e9gier<\/td>\n<\/tr>\n<tr class=\"row-14\">\n\t<td class=\"column-1\">Septembre<\/td><td class=\"column-2\">Septembre en Or - Mois du cancer de l'enfant<br \/>\nPose de tirelires et de rubans dans les commerces du Jura \/ Jura bernois<\/td>\n<\/tr>\n<tr class=\"row-15\">\n\t<td class=\"column-1\">3 septembre <\/td><td class=\"column-2\">Course \u00e0 pied des Corben\u00e8z en faveur de l'AJAFEC<\/td>\n<\/tr>\n<tr class=\"row-16\">\n\t<td class=\"column-1\">4 septembre<\/td><td class=\"column-2\">La Marche qui voyage, marche gourmande aux saveurs internationales en faveur de l'AJAFEC<\/td>\n<\/tr>\n<tr class=\"row-17\">\n\t<td class=\"column-1\">17 septembre<\/td><td class=\"column-2\">Pique-nique annuel des familles \u00e0 la cabane foresti\u00e8re de Vermes<\/td>\n<\/tr>\n<tr class=\"row-18\">\n\t<td class=\"column-1\">8 - 9 octobre<\/td><td class=\"column-2\">Sortie d'automne des familles<\/td>\n<\/tr>\n<tr class=\"row-19\">\n\t<td class=\"column-1\">11 - 14 et 19 - 20 novembre<\/td><td class=\"column-2\">Cabanon AJAFEC au March\u00e9 de la St-Martin \u00e0 Porrentruy<\/td>\n<\/tr>\n<tr class=\"row-20\">\n\t<td class=\"column-1\"> D\u00e9cembre<\/td><td class=\"column-2\">Activit\u00e9 de No\u00ebl pour les familles<\/td>\n<\/tr>\n<tr class=\"row-21\">\n\t<td class=\"column-1\"><\/td><td class=\"column-2\"><\/td>\n<\/tr>\n<tr class=\"row-22\">\n\t<td colspan=\"2\" class=\"column-1\">UN GRAND MERCI \u00e0 toutes les personnes qui chaque ann\u00e9e nous soutiennent pour permettre la r\u00e9alisation de ces diff\u00e9rentes activit\u00e9s destin\u00e9es aux enfants et \u00e0 leur famille.<\/td>\n<\/tr>\n<\/tbody>\n<\/table>\n\n<p>[\/et_pb_text][\/et_pb_column][\/et_pb_row][\/et_pb_section]<\/p>\n","protected":false},"excerpt":{"rendered":"<p>Des activit\u00e9s ludiques ainsi que des sorties sont organis\u00e9es tout au long de l\u2019ann\u00e9e. Elles sont destin\u00e9es aux enfants malades, mais aussi \u00e0 leurs fr\u00e8res et s\u0153urs ainsi qu\u2019\u00e0 leurs parents, afin de favoriser les\u00a0 \u00e9changes entre les familles. Vous trouverez ci-dessous la liste des diff\u00e9rentes activit\u00e9s de l&rsquo;AJAFEC durant l&rsquo;ann\u00e9e 2022 : \n<table id=\"tablepress-17-no-2\" class=\"tablepress tablepress-id-17 tbody-has-connected-cells\">\n<thead>\n<tr class=\"row-1\">\n\t<th class=\"column-1\">Date<\/th><th class=\"column-2\">Activit\u00e9 \/ informations<\/th>\n<\/tr>\n<\/thead>\n<tbody class=\"row-hover\">\n<tr class=\"row-2\">\n\t<td class=\"column-1\">8 janvier<\/td><td class=\"column-2\">Activit\u00e9 des familles - S\u00e9ance patinoire avec les joueurs du HC Vendlincourt et du Curling Club Ajoie<\/td>\n<\/tr>\n<tr class=\"row-3\">\n\t<td class=\"column-1\">28 - 30 janvier<\/td><td class=\"column-2\">ANNULE - Week-end de ski pour les familles<\/td>\n<\/tr>\n<tr class=\"row-4\">\n\t<td class=\"column-1\">12 f\u00e9vrier <\/td><td class=\"column-2\">Activit\u00e9 pour les enfants <br \/>\nVisite de l'Alimentarium \u00e0 Vevey et de l'AQUATIS \u00e0 Lausanne<\/td>\n<\/tr>\n<tr class=\"row-5\">\n\t<td class=\"column-1\">15 f\u00e9vrier<\/td><td class=\"column-2\">Journ\u00e9e internationale du cancer de l'enfant<\/td>\n<\/tr>\n<tr class=\"row-6\">\n\t<td class=\"column-1\">1er avril<\/td><td class=\"column-2\">Assembl\u00e9e G\u00e9n\u00e9rale au Restaurant de la Poste \u00e0 Glovelier<\/td>\n<\/tr>\n<tr class=\"row-7\">\n\t<td class=\"column-1\">3 avril<\/td><td class=\"column-2\">Concert de l'OFM \u00e0 Moutier en faveur de l'AJAFEC<\/td>\n<\/tr>\n<tr class=\"row-8\">\n\t<td class=\"column-1\">30 avril<\/td><td class=\"column-2\">Vente de p\u00e2tisseries \u00e0 la foire de Porrentruy et dans le centre COOP de  Del\u00e9mont.<br \/>\nNous tiendrons des stands pour informer la population des activit\u00e9s de l'AJAFEC et vendrons \u00e9galement de multiples friandises, tresses, cakes et autres succulentes g\u00e2teries.  <\/td>\n<\/tr>\n<tr class=\"row-9\">\n\t<td class=\"column-1\">6 mai<\/td><td class=\"column-2\">Conf\u00e9rence de Muriel Scibilia - Fr\u00e8res et soeurs : les grands oubli\u00e9s de la maladie<br \/>\nCin\u00e9mont Del\u00e9mont \u00e0 20h00<br \/>\n<br \/>\n<\/td>\n<\/tr>\n<tr class=\"row-10\">\n\t<td class=\"column-1\">13 - 15 mai<\/td><td class=\"column-2\">ANNULE - Week-end vert pour les familles<\/td>\n<\/tr>\n<tr class=\"row-11\">\n\t<td class=\"column-1\">3 - 5 juin<\/td><td class=\"column-2\">60\u00e8me anniversaire du FC Les Bois<\/td>\n<\/tr>\n<tr class=\"row-12\">\n\t<td class=\"column-1\">25 juin<\/td><td class=\"column-2\">Sortie des papas - \"Sentier du malt et sacs \u00e0 fondue\"<\/td>\n<\/tr>\n<tr class=\"row-13\">\n\t<td class=\"column-1\">3 - 8 juillet<\/td><td class=\"column-2\">Camp d'\u00e9t\u00e9 des enfants - G\u00eete du Lichen Bleu Saignel\u00e9gier<\/td>\n<\/tr>\n<tr class=\"row-14\">\n\t<td class=\"column-1\">Septembre<\/td><td class=\"column-2\">Septembre en Or - Mois du cancer de l'enfant<br \/>\nPose de tirelires et de rubans dans les commerces du Jura \/ Jura bernois<\/td>\n<\/tr>\n<tr class=\"row-15\">\n\t<td class=\"column-1\">3 septembre <\/td><td class=\"column-2\">Course \u00e0 pied des Corben\u00e8z en faveur de l'AJAFEC<\/td>\n<\/tr>\n<tr class=\"row-16\">\n\t<td class=\"column-1\">4 septembre<\/td><td class=\"column-2\">La Marche qui voyage, marche gourmande aux saveurs internationales en faveur de l'AJAFEC<\/td>\n<\/tr>\n<tr class=\"row-17\">\n\t<td class=\"column-1\">17 septembre<\/td><td class=\"column-2\">Pique-nique annuel des familles \u00e0 la cabane foresti\u00e8re de Vermes<\/td>\n<\/tr>\n<tr class=\"row-18\">\n\t<td class=\"column-1\">8 - 9 octobre<\/td><td class=\"column-2\">Sortie d'automne des familles<\/td>\n<\/tr>\n<tr class=\"row-19\">\n\t<td class=\"column-1\">11 - 14 et 19 - 20 novembre<\/td><td class=\"column-2\">Cabanon AJAFEC au March\u00e9 de la St-Martin \u00e0 Porrentruy<\/td>\n<\/tr>\n<tr class=\"row-20\">\n\t<td class=\"column-1\"> D\u00e9cembre<\/td><td class=\"column-2\">Activit\u00e9 de No\u00ebl pour les familles<\/td>\n<\/tr>\n<tr class=\"row-21\">\n\t<td class=\"column-1\"><\/td><td class=\"column-2\"><\/td>\n<\/tr>\n<tr class=\"row-22\">\n\t<td colspan=\"2\" class=\"column-1\">UN GRAND MERCI \u00e0 toutes les personnes qui chaque ann\u00e9e nous soutiennent pour permettre la r\u00e9alisation de ces diff\u00e9rentes activit\u00e9s destin\u00e9es aux enfants et \u00e0 leur famille.<\/td>\n<\/tr>\n<\/tbody>\n<\/table>\n<\/p>\n","protected":false},"author":1,"featured_media":0,"parent":0,"menu_order":0,"comment_status":"closed","ping_status":"closed","template":"","meta":{"_et_pb_use_builder":"on","_et_pb_old_content":"","_et_gb_content_width":"","footnotes":""},"class_list":["post-2845","page","type-page","status-publish","hentry"],"yoast_head":"<!-- This site is optimized with the Yoast SEO plugin v27.3 - https:\/\/yoast.com\/product\/yoast-seo-wordpress\/ -->\n<title>2022 - AJAFEC<\/title>\n<meta name=\"robots\" content=\"index, follow, max-snippet:-1, max-image-preview:large, max-video-preview:-1\" \/>\n<link rel=\"canonical\" href=\"https:\/\/www.ajafec.ch\/2022-2\/\" \/>\n<meta property=\"og:locale\" content=\"fr_FR\" \/>\n<meta property=\"og:type\" content=\"article\" \/>\n<meta property=\"og:title\" content=\"2022 - AJAFEC\" \/>\n<meta property=\"og:description\" content=\"Des activit\u00e9s ludiques ainsi que des sorties sont organis\u00e9es tout au long de l\u2019ann\u00e9e. Elles sont destin\u00e9es aux enfants malades, mais aussi \u00e0 leurs fr\u00e8res et s\u0153urs ainsi qu\u2019\u00e0 leurs parents, afin de favoriser les\u00a0 \u00e9changes entre les familles. Vous trouverez ci-dessous la liste des diff\u00e9rentes activit\u00e9s de l&#039;AJAFEC durant l&#039;ann\u00e9e 2022 :\" \/>\n<meta property=\"og:url\" content=\"https:\/\/www.ajafec.ch\/2022-2\/\" \/>\n<meta property=\"og:site_name\" content=\"AJAFEC\" \/>\n<meta property=\"article:publisher\" content=\"https:\/\/www.facebook.com\/ajafec\" \/>\n<meta name=\"twitter:card\" content=\"summary_large_image\" \/>\n<meta name=\"twitter:label1\" content=\"Dur\u00e9e de lecture estim\u00e9e\" \/>\n\t<meta name=\"twitter:data1\" content=\"1 minute\" \/>\n<script type=\"application\/ld+json\" class=\"yoast-schema-graph\">{\"@context\":\"https:\\\/\\\/schema.org\",\"@graph\":[{\"@type\":\"WebPage\",\"@id\":\"https:\\\/\\\/www.ajafec.ch\\\/2022-2\\\/\",\"url\":\"https:\\\/\\\/www.ajafec.ch\\\/2022-2\\\/\",\"name\":\"2022 - AJAFEC\",\"isPartOf\":{\"@id\":\"https:\\\/\\\/www.ajafec.ch\\\/#website\"},\"datePublished\":\"2022-01-15T14:52:35+00:00\",\"breadcrumb\":{\"@id\":\"https:\\\/\\\/www.ajafec.ch\\\/2022-2\\\/#breadcrumb\"},\"inLanguage\":\"fr-FR\",\"potentialAction\":[{\"@type\":\"ReadAction\",\"target\":[\"https:\\\/\\\/www.ajafec.ch\\\/2022-2\\\/\"]}]},{\"@type\":\"BreadcrumbList\",\"@id\":\"https:\\\/\\\/www.ajafec.ch\\\/2022-2\\\/#breadcrumb\",\"itemListElement\":[{\"@type\":\"ListItem\",\"position\":1,\"name\":\"Accueil\",\"item\":\"https:\\\/\\\/www.ajafec.ch\\\/\"},{\"@type\":\"ListItem\",\"position\":2,\"name\":\"2022\"}]},{\"@type\":\"WebSite\",\"@id\":\"https:\\\/\\\/www.ajafec.ch\\\/#website\",\"url\":\"https:\\\/\\\/www.ajafec.ch\\\/\",\"name\":\"AJAFEC\",\"description\":\"Association Jurassienne d&#039;Aide aux Familles d&#039;Enfants atteints de Cancer\",\"publisher\":{\"@id\":\"https:\\\/\\\/www.ajafec.ch\\\/#organization\"},\"potentialAction\":[{\"@type\":\"SearchAction\",\"target\":{\"@type\":\"EntryPoint\",\"urlTemplate\":\"https:\\\/\\\/www.ajafec.ch\\\/?s={search_term_string}\"},\"query-input\":{\"@type\":\"PropertyValueSpecification\",\"valueRequired\":true,\"valueName\":\"search_term_string\"}}],\"inLanguage\":\"fr-FR\"},{\"@type\":\"Organization\",\"@id\":\"https:\\\/\\\/www.ajafec.ch\\\/#organization\",\"name\":\"AJAFEC\",\"url\":\"https:\\\/\\\/www.ajafec.ch\\\/\",\"logo\":{\"@type\":\"ImageObject\",\"inLanguage\":\"fr-FR\",\"@id\":\"https:\\\/\\\/www.ajafec.ch\\\/#\\\/schema\\\/logo\\\/image\\\/\",\"url\":\"https:\\\/\\\/www.ajafec.ch\\\/wp-content\\\/uploads\\\/2026\\\/04\\\/image_2026-04-01_224608345.png\",\"contentUrl\":\"https:\\\/\\\/www.ajafec.ch\\\/wp-content\\\/uploads\\\/2026\\\/04\\\/image_2026-04-01_224608345.png\",\"width\":599,\"height\":388,\"caption\":\"AJAFEC\"},\"image\":{\"@id\":\"https:\\\/\\\/www.ajafec.ch\\\/#\\\/schema\\\/logo\\\/image\\\/\"},\"sameAs\":[\"https:\\\/\\\/www.facebook.com\\\/ajafec\"]}]}<\/script>\n<!-- \/ Yoast SEO plugin. -->","yoast_head_json":{"title":"2022 - AJAFEC","robots":{"index":"index","follow":"follow","max-snippet":"max-snippet:-1","max-image-preview":"max-image-preview:large","max-video-preview":"max-video-preview:-1"},"canonical":"https:\/\/www.ajafec.ch\/2022-2\/","og_locale":"fr_FR","og_type":"article","og_title":"2022 - AJAFEC","og_description":"Des activit\u00e9s ludiques ainsi que des sorties sont organis\u00e9es tout au long de l\u2019ann\u00e9e. Elles sont destin\u00e9es aux enfants malades, mais aussi \u00e0 leurs fr\u00e8res et s\u0153urs ainsi qu\u2019\u00e0 leurs parents, afin de favoriser les\u00a0 \u00e9changes entre les familles. Vous trouverez ci-dessous la liste des diff\u00e9rentes activit\u00e9s de l'AJAFEC durant l'ann\u00e9e 2022 :","og_url":"https:\/\/www.ajafec.ch\/2022-2\/","og_site_name":"AJAFEC","article_publisher":"https:\/\/www.facebook.com\/ajafec","twitter_card":"summary_large_image","twitter_misc":{"Dur\u00e9e de lecture estim\u00e9e":"1 minute"},"schema":{"@context":"https:\/\/schema.org","@graph":[{"@type":"WebPage","@id":"https:\/\/www.ajafec.ch\/2022-2\/","url":"https:\/\/www.ajafec.ch\/2022-2\/","name":"2022 - AJAFEC","isPartOf":{"@id":"https:\/\/www.ajafec.ch\/#website"},"datePublished":"2022-01-15T14:52:35+00:00","breadcrumb":{"@id":"https:\/\/www.ajafec.ch\/2022-2\/#breadcrumb"},"inLanguage":"fr-FR","potentialAction":[{"@type":"ReadAction","target":["https:\/\/www.ajafec.ch\/2022-2\/"]}]},{"@type":"BreadcrumbList","@id":"https:\/\/www.ajafec.ch\/2022-2\/#breadcrumb","itemListElement":[{"@type":"ListItem","position":1,"name":"Accueil","item":"https:\/\/www.ajafec.ch\/"},{"@type":"ListItem","position":2,"name":"2022"}]},{"@type":"WebSite","@id":"https:\/\/www.ajafec.ch\/#website","url":"https:\/\/www.ajafec.ch\/","name":"AJAFEC","description":"Association Jurassienne d&#039;Aide aux Familles d&#039;Enfants atteints de Cancer","publisher":{"@id":"https:\/\/www.ajafec.ch\/#organization"},"potentialAction":[{"@type":"SearchAction","target":{"@type":"EntryPoint","urlTemplate":"https:\/\/www.ajafec.ch\/?s={search_term_string}"},"query-input":{"@type":"PropertyValueSpecification","valueRequired":true,"valueName":"search_term_string"}}],"inLanguage":"fr-FR"},{"@type":"Organization","@id":"https:\/\/www.ajafec.ch\/#organization","name":"AJAFEC","url":"https:\/\/www.ajafec.ch\/","logo":{"@type":"ImageObject","inLanguage":"fr-FR","@id":"https:\/\/www.ajafec.ch\/#\/schema\/logo\/image\/","url":"https:\/\/www.ajafec.ch\/wp-content\/uploads\/2026\/04\/image_2026-04-01_224608345.png","contentUrl":"https:\/\/www.ajafec.ch\/wp-content\/uploads\/2026\/04\/image_2026-04-01_224608345.png","width":599,"height":388,"caption":"AJAFEC"},"image":{"@id":"https:\/\/www.ajafec.ch\/#\/schema\/logo\/image\/"},"sameAs":["https:\/\/www.facebook.com\/ajafec"]}]}},"_links":{"self":[{"href":"https:\/\/www.ajafec.ch\/wp-json\/wp\/v2\/pages\/2845","targetHints":{"allow":["GET"]}}],"collection":[{"href":"https:\/\/www.ajafec.ch\/wp-json\/wp\/v2\/pages"}],"about":[{"href":"https:\/\/www.ajafec.ch\/wp-json\/wp\/v2\/types\/page"}],"author":[{"embeddable":true,"href":"https:\/\/www.ajafec.ch\/wp-json\/wp\/v2\/users\/1"}],"replies":[{"embeddable":true,"href":"https:\/\/www.ajafec.ch\/wp-json\/wp\/v2\/comments?post=2845"}],"version-history":[{"count":2,"href":"https:\/\/www.ajafec.ch\/wp-json\/wp\/v2\/pages\/2845\/revisions"}],"predecessor-version":[{"id":2849,"href":"https:\/\/www.ajafec.ch\/wp-json\/wp\/v2\/pages\/2845\/revisions\/2849"}],"wp:attachment":[{"href":"https:\/\/www.ajafec.ch\/wp-json\/wp\/v2\/media?parent=2845"}],"curies":[{"name":"wp","href":"https:\/\/api.w.org\/{rel}","templated":true}]}}