{"id":270,"date":"2017-11-16T15:35:05","date_gmt":"2017-11-16T14:35:05","guid":{"rendered":"http:\/\/www.ajafec.ch\/?page_id=270"},"modified":"2024-08-17T18:32:50","modified_gmt":"2024-08-17T16:32:50","slug":"contact","status":"publish","type":"page","link":"https:\/\/www.ajafec.ch\/contact\/","title":{"rendered":"Contact"},"content":{"rendered":"<p>[et_pb_section fb_built=\u00a0\u00bb1&Prime; fullwidth=\u00a0\u00bbon\u00a0\u00bb _builder_version=\u00a0\u00bb4.16&Prime; global_colors_info=\u00a0\u00bb{}\u00a0\u00bb][et_pb_fullwidth_image src=\u00a0\u00bbhttps:\/\/www.ajafec.ch\/wp-content\/uploads\/2020\/10\/Bandeau_Contact.png\u00a0\u00bb _builder_version=\u00a0\u00bb4.16&Prime; global_colors_info=\u00a0\u00bb{}\u00a0\u00bb][\/et_pb_fullwidth_image][\/et_pb_section][et_pb_section fb_built=\u00a0\u00bb1&Prime; admin_label=\u00a0\u00bbsection\u00a0\u00bb _builder_version=\u00a0\u00bb4.16&Prime; custom_padding=\u00a0\u00bb30px|0px|54px|0px|false|false\u00a0\u00bb global_colors_info=\u00a0\u00bb{}\u00a0\u00bb][et_pb_row _builder_version=\u00a0\u00bb4.16&Prime; custom_padding=\u00a0\u00bb0|0px|0|0px|false|false\u00a0\u00bb global_colors_info=\u00a0\u00bb{}\u00a0\u00bb][et_pb_column type=\u00a0\u00bb4_4&Prime; _builder_version=\u00a0\u00bb4.16&Prime; custom_padding=\u00a0\u00bb|||\u00a0\u00bb global_colors_info=\u00a0\u00bb{}\u00a0\u00bb custom_padding__hover=\u00a0\u00bb|||\u00a0\u00bb][et_pb_post_title meta=\u00a0\u00bboff\u00a0\u00bb featured_image=\u00a0\u00bboff\u00a0\u00bb _builder_version=\u00a0\u00bb4.16&Prime; global_colors_info=\u00a0\u00bb{}\u00a0\u00bb][\/et_pb_post_title][\/et_pb_column][\/et_pb_row][et_pb_row admin_label=\u00a0\u00bbrow\u00a0\u00bb _builder_version=\u00a0\u00bb4.16&Prime; background_size=\u00a0\u00bbinitial\u00a0\u00bb background_position=\u00a0\u00bbtop_left\u00a0\u00bb background_repeat=\u00a0\u00bbrepeat\u00a0\u00bb global_colors_info=\u00a0\u00bb{}\u00a0\u00bb][et_pb_column type=\u00a0\u00bb4_4&Prime; _builder_version=\u00a0\u00bb4.16&Prime; custom_padding=\u00a0\u00bb|||\u00a0\u00bb global_colors_info=\u00a0\u00bb{}\u00a0\u00bb custom_padding__hover=\u00a0\u00bb|||\u00a0\u00bb][et_pb_text admin_label=\u00a0\u00bbText\u00a0\u00bb _builder_version=\u00a0\u00bb4.22.2&Prime; background_size=\u00a0\u00bbinitial\u00a0\u00bb background_position=\u00a0\u00bbtop_left\u00a0\u00bb background_repeat=\u00a0\u00bbrepeat\u00a0\u00bb hover_enabled=\u00a0\u00bb0&Prime; global_colors_info=\u00a0\u00bb{}\u00a0\u00bb sticky_enabled=\u00a0\u00bb0&Prime;]<\/p>\n\n<div class=\"wpcf7 no-js\" id=\"wpcf7-f269-o1\" lang=\"fr-FR\" dir=\"ltr\" data-wpcf7-id=\"269\">\n<div class=\"screen-reader-response\"><p role=\"status\" aria-live=\"polite\" aria-atomic=\"true\"><\/p> <ul><\/ul><\/div>\n<form action=\"\/index.php?rest_route=%2Fwp%2Fv2%2Fpages%2F270#wpcf7-f269-o1\" method=\"post\" class=\"wpcf7-form init\" aria-label=\"Formulaire de contact\" novalidate=\"novalidate\" data-status=\"init\">\n<fieldset class=\"hidden-fields-container\"><input type=\"hidden\" name=\"_wpcf7\" value=\"269\" \/><input type=\"hidden\" name=\"_wpcf7_version\" value=\"6.1.5\" \/><input type=\"hidden\" name=\"_wpcf7_locale\" value=\"fr_FR\" \/><input type=\"hidden\" name=\"_wpcf7_unit_tag\" value=\"wpcf7-f269-o1\" \/><input type=\"hidden\" name=\"_wpcf7_container_post\" value=\"0\" \/><input type=\"hidden\" name=\"_wpcf7_posted_data_hash\" value=\"\" \/>\n<\/fieldset>\n<p><label> Votre nom (obligatoire)<br \/>\n<span class=\"wpcf7-form-control-wrap\" data-name=\"your-name\"><input size=\"40\" maxlength=\"400\" class=\"wpcf7-form-control wpcf7-text wpcf7-validates-as-required\" aria-required=\"true\" aria-invalid=\"false\" value=\"\" type=\"text\" name=\"your-name\" \/><\/span> <\/label>\n<\/p>\n<p><label> Votre e-mail (obligatoire)<br \/>\n<span class=\"wpcf7-form-control-wrap\" data-name=\"your-email\"><input size=\"40\" maxlength=\"400\" class=\"wpcf7-form-control wpcf7-email wpcf7-validates-as-required wpcf7-text wpcf7-validates-as-email\" aria-required=\"true\" aria-invalid=\"false\" value=\"\" type=\"email\" name=\"your-email\" \/><\/span> <\/label>\n<\/p>\n<p><label> Sujet<br \/>\n<span class=\"wpcf7-form-control-wrap\" data-name=\"your-subject\"><input size=\"40\" maxlength=\"400\" class=\"wpcf7-form-control wpcf7-text\" aria-invalid=\"false\" value=\"\" type=\"text\" name=\"your-subject\" \/><\/span> <\/label>\n<\/p>\n<p><label> Votre message<br \/>\n<span class=\"wpcf7-form-control-wrap\" data-name=\"your-message\"><textarea cols=\"40\" rows=\"10\" maxlength=\"2000\" class=\"wpcf7-form-control wpcf7-textarea\" aria-invalid=\"false\" name=\"your-message\"><\/textarea><\/span> <\/label>\n<\/p>\n<p><input class=\"wpcf7-form-control wpcf7-submit has-spinner\" type=\"submit\" value=\"Envoyer\" \/>\n<\/p><div class=\"wpcf7-response-output\" aria-hidden=\"true\"><\/div>\n<\/form>\n<\/div>\n\n<p>Pour un contact direct, vous pouvez aussi nous contacter ar t\u00e9l\u00e9phone au 079 281 64 59 ou par email \u00e0 <a href=\"mailto:info@ajafec.ch\">info@ajafec.ch<\/a>.<\/p>\n<p>Pour un \u00e9venement ou projet d&rsquo;\u00e9cole : Antonella Sacconi au 078 875 65 64 ou Lionnel Tardy au 079 772 30 24<\/p>\n<p>[\/et_pb_text][\/et_pb_column][\/et_pb_row][\/et_pb_section]<\/p>\n","protected":false},"excerpt":{"rendered":"<p>\n<div class=\"wpcf7 no-js\" id=\"wpcf7-f269-o2\" lang=\"fr-FR\" dir=\"ltr\" data-wpcf7-id=\"269\">\n<div class=\"screen-reader-response\"><p role=\"status\" aria-live=\"polite\" aria-atomic=\"true\"><\/p> <ul><\/ul><\/div>\n<form action=\"\/index.php?rest_route=%2Fwp%2Fv2%2Fpages%2F270#wpcf7-f269-o2\" method=\"post\" class=\"wpcf7-form init\" aria-label=\"Formulaire de contact\" novalidate=\"novalidate\" data-status=\"init\">\n<fieldset class=\"hidden-fields-container\"><input type=\"hidden\" name=\"_wpcf7\" value=\"269\" \/><input type=\"hidden\" name=\"_wpcf7_version\" value=\"6.1.5\" \/><input type=\"hidden\" name=\"_wpcf7_locale\" value=\"fr_FR\" \/><input type=\"hidden\" name=\"_wpcf7_unit_tag\" value=\"wpcf7-f269-o2\" \/><input type=\"hidden\" name=\"_wpcf7_container_post\" value=\"0\" \/><input type=\"hidden\" name=\"_wpcf7_posted_data_hash\" value=\"\" \/>\n<\/fieldset>\n<p><label> Votre nom (obligatoire)<br \/>\n<span class=\"wpcf7-form-control-wrap\" data-name=\"your-name\"><input size=\"40\" maxlength=\"400\" class=\"wpcf7-form-control wpcf7-text wpcf7-validates-as-required\" aria-required=\"true\" aria-invalid=\"false\" value=\"\" type=\"text\" name=\"your-name\" \/><\/span> <\/label>\n<\/p>\n<p><label> Votre e-mail (obligatoire)<br \/>\n<span class=\"wpcf7-form-control-wrap\" data-name=\"your-email\"><input size=\"40\" maxlength=\"400\" class=\"wpcf7-form-control wpcf7-email wpcf7-validates-as-required wpcf7-text wpcf7-validates-as-email\" aria-required=\"true\" aria-invalid=\"false\" value=\"\" type=\"email\" name=\"your-email\" \/><\/span> <\/label>\n<\/p>\n<p><label> Sujet<br \/>\n<span class=\"wpcf7-form-control-wrap\" data-name=\"your-subject\"><input size=\"40\" maxlength=\"400\" class=\"wpcf7-form-control wpcf7-text\" aria-invalid=\"false\" value=\"\" type=\"text\" name=\"your-subject\" \/><\/span> <\/label>\n<\/p>\n<p><label> Votre message<br \/>\n<span class=\"wpcf7-form-control-wrap\" data-name=\"your-message\"><textarea cols=\"40\" rows=\"10\" maxlength=\"2000\" class=\"wpcf7-form-control wpcf7-textarea\" aria-invalid=\"false\" name=\"your-message\"><\/textarea><\/span> <\/label>\n<\/p>\n<p><input class=\"wpcf7-form-control wpcf7-submit has-spinner\" type=\"submit\" value=\"Envoyer\" \/>\n<\/p><div class=\"wpcf7-response-output\" aria-hidden=\"true\"><\/div>\n<\/form>\n<\/div>\n Pour un contact direct, vous pouvez aussi nous contacter ar t\u00e9l\u00e9phone au 079 281 64 59 ou par email \u00e0 info@ajafec.ch. Pour un \u00e9venement ou projet d&rsquo;\u00e9cole : Antonella Sacconi au 078 875 65 64 ou Lionnel Tardy au 079 772 30 24<\/p>\n","protected":false},"author":1,"featured_media":0,"parent":0,"menu_order":0,"comment_status":"closed","ping_status":"closed","template":"","meta":{"_et_pb_use_builder":"on","_et_pb_old_content":"[contact-form-7 id=\"269\" title=\"Formulaire de contact 1\"]\n\nPour un contact direct, vous pouvez aussi nous contacter directement au 079 281 64 59.\n\n<em>Veuillez noter que, suite \u00e0 une erreur de param\u00e9trage durant la reconstruction de notre site, il est possible qu'un message envoy\u00e9 entre d\u00e9but novembre 2018 et fin janvier 2019 ne nous soit pas parvenu. Nous nous excusons pour ce d\u00e9sagr\u00e9ment.<\/em>","_et_gb_content_width":"","footnotes":""},"class_list":["post-270","page","type-page","status-publish","hentry"],"yoast_head":"<!-- This site is optimized with the Yoast SEO plugin v27.3 - https:\/\/yoast.com\/product\/yoast-seo-wordpress\/ -->\n<title>Contact - AJAFEC<\/title>\n<meta name=\"robots\" content=\"index, follow, max-snippet:-1, max-image-preview:large, max-video-preview:-1\" \/>\n<link rel=\"canonical\" href=\"https:\/\/www.ajafec.ch\/contact\/\" \/>\n<meta property=\"og:locale\" content=\"fr_FR\" \/>\n<meta property=\"og:type\" content=\"article\" \/>\n<meta property=\"og:title\" content=\"Contact - AJAFEC\" \/>\n<meta property=\"og:description\" content=\"Pour un contact direct, vous pouvez aussi nous contacter ar t\u00e9l\u00e9phone au 079 281 64 59 ou par email \u00e0 info@ajafec.ch. Pour un \u00e9venement ou projet d&#039;\u00e9cole : Antonella Sacconi au 078 875 65 64 ou Lionnel Tardy au 079 772 30 24\" \/>\n<meta property=\"og:url\" content=\"https:\/\/www.ajafec.ch\/contact\/\" \/>\n<meta property=\"og:site_name\" content=\"AJAFEC\" \/>\n<meta property=\"article:publisher\" content=\"https:\/\/www.facebook.com\/ajafec\" \/>\n<meta property=\"article:modified_time\" content=\"2024-08-17T16:32:50+00:00\" \/>\n<meta name=\"twitter:card\" content=\"summary_large_image\" \/>\n<meta name=\"twitter:label1\" content=\"Dur\u00e9e de lecture estim\u00e9e\" \/>\n\t<meta name=\"twitter:data1\" content=\"1 minute\" \/>\n<script type=\"application\/ld+json\" class=\"yoast-schema-graph\">{\"@context\":\"https:\\\/\\\/schema.org\",\"@graph\":[{\"@type\":\"WebPage\",\"@id\":\"https:\\\/\\\/www.ajafec.ch\\\/contact\\\/\",\"url\":\"https:\\\/\\\/www.ajafec.ch\\\/contact\\\/\",\"name\":\"Contact - AJAFEC\",\"isPartOf\":{\"@id\":\"https:\\\/\\\/www.ajafec.ch\\\/#website\"},\"datePublished\":\"2017-11-16T14:35:05+00:00\",\"dateModified\":\"2024-08-17T16:32:50+00:00\",\"breadcrumb\":{\"@id\":\"https:\\\/\\\/www.ajafec.ch\\\/contact\\\/#breadcrumb\"},\"inLanguage\":\"fr-FR\",\"potentialAction\":[{\"@type\":\"ReadAction\",\"target\":[\"https:\\\/\\\/www.ajafec.ch\\\/contact\\\/\"]}]},{\"@type\":\"BreadcrumbList\",\"@id\":\"https:\\\/\\\/www.ajafec.ch\\\/contact\\\/#breadcrumb\",\"itemListElement\":[{\"@type\":\"ListItem\",\"position\":1,\"name\":\"Accueil\",\"item\":\"https:\\\/\\\/www.ajafec.ch\\\/\"},{\"@type\":\"ListItem\",\"position\":2,\"name\":\"Contact\"}]},{\"@type\":\"WebSite\",\"@id\":\"https:\\\/\\\/www.ajafec.ch\\\/#website\",\"url\":\"https:\\\/\\\/www.ajafec.ch\\\/\",\"name\":\"AJAFEC\",\"description\":\"Association Jurassienne d&#039;Aide aux Familles d&#039;Enfants atteints de Cancer\",\"publisher\":{\"@id\":\"https:\\\/\\\/www.ajafec.ch\\\/#organization\"},\"potentialAction\":[{\"@type\":\"SearchAction\",\"target\":{\"@type\":\"EntryPoint\",\"urlTemplate\":\"https:\\\/\\\/www.ajafec.ch\\\/?s={search_term_string}\"},\"query-input\":{\"@type\":\"PropertyValueSpecification\",\"valueRequired\":true,\"valueName\":\"search_term_string\"}}],\"inLanguage\":\"fr-FR\"},{\"@type\":\"Organization\",\"@id\":\"https:\\\/\\\/www.ajafec.ch\\\/#organization\",\"name\":\"AJAFEC\",\"url\":\"https:\\\/\\\/www.ajafec.ch\\\/\",\"logo\":{\"@type\":\"ImageObject\",\"inLanguage\":\"fr-FR\",\"@id\":\"https:\\\/\\\/www.ajafec.ch\\\/#\\\/schema\\\/logo\\\/image\\\/\",\"url\":\"https:\\\/\\\/www.ajafec.ch\\\/wp-content\\\/uploads\\\/2026\\\/04\\\/image_2026-04-01_224608345.png\",\"contentUrl\":\"https:\\\/\\\/www.ajafec.ch\\\/wp-content\\\/uploads\\\/2026\\\/04\\\/image_2026-04-01_224608345.png\",\"width\":599,\"height\":388,\"caption\":\"AJAFEC\"},\"image\":{\"@id\":\"https:\\\/\\\/www.ajafec.ch\\\/#\\\/schema\\\/logo\\\/image\\\/\"},\"sameAs\":[\"https:\\\/\\\/www.facebook.com\\\/ajafec\"]}]}<\/script>\n<!-- \/ Yoast SEO plugin. -->","yoast_head_json":{"title":"Contact - AJAFEC","robots":{"index":"index","follow":"follow","max-snippet":"max-snippet:-1","max-image-preview":"max-image-preview:large","max-video-preview":"max-video-preview:-1"},"canonical":"https:\/\/www.ajafec.ch\/contact\/","og_locale":"fr_FR","og_type":"article","og_title":"Contact - AJAFEC","og_description":"Pour un contact direct, vous pouvez aussi nous contacter ar t\u00e9l\u00e9phone au 079 281 64 59 ou par email \u00e0 info@ajafec.ch. Pour un \u00e9venement ou projet d'\u00e9cole : Antonella Sacconi au 078 875 65 64 ou Lionnel Tardy au 079 772 30 24","og_url":"https:\/\/www.ajafec.ch\/contact\/","og_site_name":"AJAFEC","article_publisher":"https:\/\/www.facebook.com\/ajafec","article_modified_time":"2024-08-17T16:32:50+00:00","twitter_card":"summary_large_image","twitter_misc":{"Dur\u00e9e de lecture estim\u00e9e":"1 minute"},"schema":{"@context":"https:\/\/schema.org","@graph":[{"@type":"WebPage","@id":"https:\/\/www.ajafec.ch\/contact\/","url":"https:\/\/www.ajafec.ch\/contact\/","name":"Contact - AJAFEC","isPartOf":{"@id":"https:\/\/www.ajafec.ch\/#website"},"datePublished":"2017-11-16T14:35:05+00:00","dateModified":"2024-08-17T16:32:50+00:00","breadcrumb":{"@id":"https:\/\/www.ajafec.ch\/contact\/#breadcrumb"},"inLanguage":"fr-FR","potentialAction":[{"@type":"ReadAction","target":["https:\/\/www.ajafec.ch\/contact\/"]}]},{"@type":"BreadcrumbList","@id":"https:\/\/www.ajafec.ch\/contact\/#breadcrumb","itemListElement":[{"@type":"ListItem","position":1,"name":"Accueil","item":"https:\/\/www.ajafec.ch\/"},{"@type":"ListItem","position":2,"name":"Contact"}]},{"@type":"WebSite","@id":"https:\/\/www.ajafec.ch\/#website","url":"https:\/\/www.ajafec.ch\/","name":"AJAFEC","description":"Association Jurassienne d&#039;Aide aux Familles d&#039;Enfants atteints de Cancer","publisher":{"@id":"https:\/\/www.ajafec.ch\/#organization"},"potentialAction":[{"@type":"SearchAction","target":{"@type":"EntryPoint","urlTemplate":"https:\/\/www.ajafec.ch\/?s={search_term_string}"},"query-input":{"@type":"PropertyValueSpecification","valueRequired":true,"valueName":"search_term_string"}}],"inLanguage":"fr-FR"},{"@type":"Organization","@id":"https:\/\/www.ajafec.ch\/#organization","name":"AJAFEC","url":"https:\/\/www.ajafec.ch\/","logo":{"@type":"ImageObject","inLanguage":"fr-FR","@id":"https:\/\/www.ajafec.ch\/#\/schema\/logo\/image\/","url":"https:\/\/www.ajafec.ch\/wp-content\/uploads\/2026\/04\/image_2026-04-01_224608345.png","contentUrl":"https:\/\/www.ajafec.ch\/wp-content\/uploads\/2026\/04\/image_2026-04-01_224608345.png","width":599,"height":388,"caption":"AJAFEC"},"image":{"@id":"https:\/\/www.ajafec.ch\/#\/schema\/logo\/image\/"},"sameAs":["https:\/\/www.facebook.com\/ajafec"]}]}},"_links":{"self":[{"href":"https:\/\/www.ajafec.ch\/wp-json\/wp\/v2\/pages\/270","targetHints":{"allow":["GET"]}}],"collection":[{"href":"https:\/\/www.ajafec.ch\/wp-json\/wp\/v2\/pages"}],"about":[{"href":"https:\/\/www.ajafec.ch\/wp-json\/wp\/v2\/types\/page"}],"author":[{"embeddable":true,"href":"https:\/\/www.ajafec.ch\/wp-json\/wp\/v2\/users\/1"}],"replies":[{"embeddable":true,"href":"https:\/\/www.ajafec.ch\/wp-json\/wp\/v2\/comments?post=270"}],"version-history":[{"count":12,"href":"https:\/\/www.ajafec.ch\/wp-json\/wp\/v2\/pages\/270\/revisions"}],"predecessor-version":[{"id":3412,"href":"https:\/\/www.ajafec.ch\/wp-json\/wp\/v2\/pages\/270\/revisions\/3412"}],"wp:attachment":[{"href":"https:\/\/www.ajafec.ch\/wp-json\/wp\/v2\/media?parent=270"}],"curies":[{"name":"wp","href":"https:\/\/api.w.org\/{rel}","templated":true}]}}