{"id":2638,"date":"2021-04-12T21:02:39","date_gmt":"2021-04-12T19:02:39","guid":{"rendered":"http:\/\/www.ajafec.ch\/?page_id=2638"},"modified":"2025-03-06T22:36:20","modified_gmt":"2025-03-06T21:36:20","slug":"boutique","status":"publish","type":"page","link":"https:\/\/www.ajafec.ch\/boutique\/","title":{"rendered":"Boutique"},"content":{"rendered":"<p>[et_pb_section fb_built=\u00a0\u00bb1&Prime; fullwidth=\u00a0\u00bbon\u00a0\u00bb _builder_version=\u00a0\u00bb4.16&Prime; global_colors_info=\u00a0\u00bb{}\u00a0\u00bb][et_pb_fullwidth_image src=\u00a0\u00bbhttps:\/\/www.ajafec.ch\/wp-content\/uploads\/2021\/04\/Bandeau_Boutique.png\u00a0\u00bb _builder_version=\u00a0\u00bb4.16&Prime; global_colors_info=\u00a0\u00bb{}\u00a0\u00bb][\/et_pb_fullwidth_image][\/et_pb_section][et_pb_section fb_built=\u00a0\u00bb1&Prime; admin_label=\u00a0\u00bbsection\u00a0\u00bb _builder_version=\u00a0\u00bb4.16&Prime; custom_padding=\u00a0\u00bb30px|0px|54px|0px|false|false\u00a0\u00bb global_colors_info=\u00a0\u00bb{}\u00a0\u00bb][et_pb_row _builder_version=\u00a0\u00bb4.16&Prime; custom_padding=\u00a0\u00bb1px|0px|0|0px|false|false\u00a0\u00bb global_colors_info=\u00a0\u00bb{}\u00a0\u00bb][et_pb_column type=\u00a0\u00bb4_4&Prime; _builder_version=\u00a0\u00bb4.16&Prime; custom_padding=\u00a0\u00bb|||\u00a0\u00bb global_colors_info=\u00a0\u00bb{}\u00a0\u00bb custom_padding__hover=\u00a0\u00bb|||\u00a0\u00bb][et_pb_post_title meta=\u00a0\u00bboff\u00a0\u00bb featured_image=\u00a0\u00bboff\u00a0\u00bb _builder_version=\u00a0\u00bb4.16&Prime; global_colors_info=\u00a0\u00bb{}\u00a0\u00bb][\/et_pb_post_title][\/et_pb_column][\/et_pb_row][et_pb_row admin_label=\u00a0\u00bbrow\u00a0\u00bb _builder_version=\u00a0\u00bb4.16&Prime; background_size=\u00a0\u00bbinitial\u00a0\u00bb background_position=\u00a0\u00bbtop_left\u00a0\u00bb background_repeat=\u00a0\u00bbrepeat\u00a0\u00bb global_colors_info=\u00a0\u00bb{}\u00a0\u00bb][et_pb_column type=\u00a0\u00bb4_4&Prime; _builder_version=\u00a0\u00bb4.16&Prime; custom_padding=\u00a0\u00bb|||\u00a0\u00bb global_colors_info=\u00a0\u00bb{}\u00a0\u00bb custom_padding__hover=\u00a0\u00bb|||\u00a0\u00bb][et_pb_text admin_label=\u00a0\u00bbText\u00a0\u00bb _builder_version=\u00a0\u00bb4.16&Prime; background_size=\u00a0\u00bbinitial\u00a0\u00bb background_position=\u00a0\u00bbtop_left\u00a0\u00bb background_repeat=\u00a0\u00bbrepeat\u00a0\u00bb global_colors_info=\u00a0\u00bb{}\u00a0\u00bb]<\/p>\n<p>Vous trouverez ici diff\u00e9rents produits dont la totalit\u00e9 ou une partie du b\u00e9n\u00e9fice des ventes est destin\u00e9 \u00e0 l&rsquo;AJAFEC. Nous remercions toutes ces entreprises et particuliers pour leur action en faveur de notre association.<\/p>\n<p>&nbsp;<\/p>\n<p>[\/et_pb_text][\/et_pb_column][\/et_pb_row][et_pb_row _builder_version=\u00a0\u00bb4.16&Prime; custom_padding=\u00a0\u00bb0|0px|27px|0px|false|false\u00a0\u00bb global_colors_info=\u00a0\u00bb{}\u00a0\u00bb column_structure=\u00a0\u00bb1_2,1_2&Prime;][et_pb_column type=\u00a0\u00bb1_2&Prime; _builder_version=\u00a0\u00bb4.16&Prime; custom_padding=\u00a0\u00bb|||\u00a0\u00bb global_colors_info=\u00a0\u00bb{}\u00a0\u00bb custom_padding__hover=\u00a0\u00bb|||\u00a0\u00bb][et_pb_text _builder_version=\u00a0\u00bb4.16&Prime; global_colors_info=\u00a0\u00bb{}\u00a0\u00bb]<\/p>\n<p><span style=\"font-size: large;\"><strong>\u00a0 Puzzles en bois &#8211; Andr\u00e9 Beuchat <br \/><\/strong><\/span><\/p>\n<p>Ces puzzles en bois sont fabriqu\u00e9s \u00e0 la main par un retrait\u00e9 jurassien, M. Andr\u00e9 Beuchat. Sculpteur sur acier depuis plus de 30 ans et membre de la soci\u00e9t\u00e9 philanthropique suisse UNION, son action a pour but d&rsquo;aider, dans la mesure de ses moyens, les familles dont les enfants sont atteints de cancer.\u00a0 L&rsquo;int\u00e9gralit\u00e9 des fonds est revers\u00e9 \u00e0 l&rsquo;AJAFEC, afin de permettre aux familles durement \u00e9prouv\u00e9es de se retrouver et de profiter de bons moments de libert\u00e9.<\/p>\n<p>M. Beuchat a commenc\u00e9 la fabrication de puzzles pour ses petits enfants. En s&rsquo;apercevant du retour positif de son cercle d&rsquo;amis, il a poursuivi l&rsquo;aventure et leur vente va maintenant bon train. Ses \u0153uvres sont maintenant expos\u00e9es et vendues \u00e0 la pharmacie Voirol de Bassecourt.<\/p>\n<p>Le prix des puzzles varie en fonction de leur format, du nombre de pi\u00e8ce, de leur grandeur et de leur \u00e9paisseur. Plus de 80 pi\u00e8ces diff\u00e9rentes sont maintenant disponibles :<\/p>\n<ul>\n<li>Puzzles alpha : entre 8.- et 50.- CHF (lapin : 15.- CHF)<\/li>\n<li>Puzzles num\u00e9riques : entre 35.- et 50.- CHF (\u00e9l\u00e9phant et poisson : 45.- CHF)<\/li>\n<li>Puzzles Jura : 60.- CHF<\/li>\n<\/ul>\n<p>Les puzzles peuvent \u00eatre command\u00e9s directement \u00e0 M. Beuchat, soit par t\u00e9l\u00e9phone (079 440 35 61), soit par email (<a href=\"mailto:labe.sculpteur@gmail.com\" target=\"_blank\" rel=\"noopener\">labe.sculpteur@gmail.com<\/a>).<\/p>\n<p>&nbsp;<\/p>\n<p>&nbsp;<\/p>\n<p>[\/et_pb_text][\/et_pb_column][et_pb_column type=\u00a0\u00bb1_2&Prime; _builder_version=\u00a0\u00bb4.16&Prime; custom_padding=\u00a0\u00bb|||\u00a0\u00bb global_colors_info=\u00a0\u00bb{}\u00a0\u00bb custom_padding__hover=\u00a0\u00bb|||\u00a0\u00bb][et_pb_image src=\u00a0\u00bbhttps:\/\/www.ajafec.ch\/wp-content\/uploads\/2021\/04\/IMG_6034.jpeg\u00a0\u00bb align_tablet=\u00a0\u00bbcenter\u00a0\u00bb align_last_edited=\u00a0\u00bbon|desktop\u00a0\u00bb _builder_version=\u00a0\u00bb4.16&Prime; max_width=\u00a0\u00bb67%\u00a0\u00bb global_colors_info=\u00a0\u00bb{}\u00a0\u00bb align_phone=\u00a0\u00bbcenter\u00a0\u00bb][\/et_pb_image][et_pb_image src=\u00a0\u00bbhttps:\/\/www.ajafec.ch\/wp-content\/uploads\/2021\/04\/IMG_5428.jpeg\u00a0\u00bb align_tablet=\u00a0\u00bbcenter\u00a0\u00bb align_last_edited=\u00a0\u00bbon|desktop\u00a0\u00bb _builder_version=\u00a0\u00bb4.16&Prime; max_width=\u00a0\u00bb67%\u00a0\u00bb global_colors_info=\u00a0\u00bb{}\u00a0\u00bb align_phone=\u00a0\u00bbcenter\u00a0\u00bb][\/et_pb_image][et_pb_image src=\u00a0\u00bbhttps:\/\/www.ajafec.ch\/wp-content\/uploads\/2021\/04\/IMG_6032.jpeg\u00a0\u00bb align_tablet=\u00a0\u00bbcenter\u00a0\u00bb align_last_edited=\u00a0\u00bbon|desktop\u00a0\u00bb _builder_version=\u00a0\u00bb4.16&Prime; max_width=\u00a0\u00bb67%\u00a0\u00bb global_colors_info=\u00a0\u00bb{}\u00a0\u00bb align_phone=\u00a0\u00bbcenter\u00a0\u00bb][\/et_pb_image][et_pb_image src=\u00a0\u00bbhttps:\/\/www.ajafec.ch\/wp-content\/uploads\/2025\/03\/puzzle-A.-Beuchet-canton-jura-e1741296917149.jpg\u00a0\u00bb align_tablet=\u00a0\u00bbcenter\u00a0\u00bb align_last_edited=\u00a0\u00bbon|desktop\u00a0\u00bb _builder_version=\u00a0\u00bb4.27.4&Prime; max_width=\u00a0\u00bb67%\u00a0\u00bb hover_enabled=\u00a0\u00bb0&Prime; global_colors_info=\u00a0\u00bb{}\u00a0\u00bb title_text=\u00a0\u00bbpuzzle A. Beuchet canton jura\u00a0\u00bb sticky_enabled=\u00a0\u00bb0&Prime; align_phone=\u00a0\u00bbcenter\u00a0\u00bb][\/et_pb_image][\/et_pb_column][\/et_pb_row][et_pb_row _builder_version=\u00a0\u00bb4.16&Prime; custom_padding=\u00a0\u00bb0|0px|27px|0px|false|false\u00a0\u00bb global_colors_info=\u00a0\u00bb{}\u00a0\u00bb column_structure=\u00a0\u00bb1_2,1_2&Prime;][et_pb_column type=\u00a0\u00bb1_2&Prime; _builder_version=\u00a0\u00bb4.16&Prime; custom_padding=\u00a0\u00bb|||\u00a0\u00bb global_colors_info=\u00a0\u00bb{}\u00a0\u00bb custom_padding__hover=\u00a0\u00bb|||\u00a0\u00bb][et_pb_text _builder_version=\u00a0\u00bb4.16&Prime; global_colors_info=\u00a0\u00bb{}\u00a0\u00bb]<\/p>\n<p><span style=\"font-size: large;\"><strong>Masque et sacs Edition Jura &#8211;\u00a0 Original Suisse Bag<\/strong><\/span><\/p>\n<p>&nbsp;<\/p>\n<p>Original Suisse Bag est un projet de s\u00e9rigraphie sur textile d\u00e9velopp\u00e9 par un jeune couple jurassien. Une ligne sp\u00e9ciale Edition Jura a \u00e9t\u00e9 d\u00e9velopp\u00e9e en int\u00e9grant le drapeau jurassien sur des masques de protection ainsi que sur des sacs en coton. Pour chacun des masques ou sacs vendus, 5.- CHF sont revers\u00e9s \u00e0 l&rsquo;AJAFEC.<\/p>\n<p>Le couple a pass\u00e9 plus de 5 ans au Sri Lanka. Ils y ont cr\u00e9\u00e9 une association ayant pour but de venir en aide \u00e0 des personnes d\u00e9favoris\u00e9es sur place. De retour en Suisse en 2019, ils ont rapidement voulu apporter leur soutien aussi sur sol helv\u00e9tique, au travers de ce projet.<\/p>\n<p>Les masques sont vendus 17.- CHF pi\u00e8ce (76.- CHF pour 5) et les sacs 15.- CHF pi\u00e8ce. Ils sont produis \u00e0 base de 100% coton. Ils peuvent \u00eatre command\u00e9s directement sur le site internet <a href=\"https:\/\/www.originalsuissebag.ch\/collections\/edition-jura-masque-tote-bag\">Original Suisse Bag<\/a> du projet.<\/p>\n<p>&nbsp;<\/p>\n<p>&nbsp;<\/p>\n<p>&nbsp;<\/p>\n<p>&nbsp;<\/p>\n<p>&nbsp;<\/p>\n<p>&nbsp;<\/p>\n<p>&nbsp;<\/p>\n<p>&nbsp;<\/p>\n<p>&nbsp;<\/p>\n<p>&nbsp;<\/p>\n<p>&nbsp;<\/p>\n<p>&nbsp;<\/p>\n<p>[\/et_pb_text][\/et_pb_column][et_pb_column type=\u00a0\u00bb1_2&Prime; _builder_version=\u00a0\u00bb4.16&Prime; custom_padding=\u00a0\u00bb|||\u00a0\u00bb global_colors_info=\u00a0\u00bb{}\u00a0\u00bb custom_padding__hover=\u00a0\u00bb|||\u00a0\u00bb][et_pb_image src=\u00a0\u00bbhttps:\/\/www.ajafec.ch\/wp-content\/uploads\/2021\/04\/Original-Suisse-Bag_2.jpg\u00a0\u00bb align_tablet=\u00a0\u00bbcenter\u00a0\u00bb align_last_edited=\u00a0\u00bbon|desktop\u00a0\u00bb _builder_version=\u00a0\u00bb4.16&Prime; max_width=\u00a0\u00bb67%\u00a0\u00bb global_colors_info=\u00a0\u00bb{}\u00a0\u00bb align_phone=\u00a0\u00bbcenter\u00a0\u00bb][\/et_pb_image][et_pb_image src=\u00a0\u00bbhttps:\/\/www.ajafec.ch\/wp-content\/uploads\/2021\/04\/Original-Suisse-Bag_1.jpg\u00a0\u00bb align_tablet=\u00a0\u00bbcenter\u00a0\u00bb align_last_edited=\u00a0\u00bbon|desktop\u00a0\u00bb _builder_version=\u00a0\u00bb4.16&Prime; max_width=\u00a0\u00bb67%\u00a0\u00bb global_colors_info=\u00a0\u00bb{}\u00a0\u00bb align_phone=\u00a0\u00bbcenter\u00a0\u00bb][\/et_pb_image][et_pb_image src=\u00a0\u00bbhttps:\/\/www.ajafec.ch\/wp-content\/uploads\/2021\/04\/Original-Suisse-Bag_3.jpg\u00a0\u00bb align_tablet=\u00a0\u00bbcenter\u00a0\u00bb align_last_edited=\u00a0\u00bbon|desktop\u00a0\u00bb _builder_version=\u00a0\u00bb4.16&Prime; max_width=\u00a0\u00bb67%\u00a0\u00bb global_colors_info=\u00a0\u00bb{}\u00a0\u00bb align_phone=\u00a0\u00bbcenter\u00a0\u00bb][\/et_pb_image][\/et_pb_column][\/et_pb_row][et_pb_row _builder_version=\u00a0\u00bb4.16&Prime; custom_padding=\u00a0\u00bb0|0px|27px|0px|false|false\u00a0\u00bb global_colors_info=\u00a0\u00bb{}\u00a0\u00bb column_structure=\u00a0\u00bb1_2,1_2&Prime;][et_pb_column type=\u00a0\u00bb1_2&Prime; _builder_version=\u00a0\u00bb4.16&Prime; custom_padding=\u00a0\u00bb|||\u00a0\u00bb global_colors_info=\u00a0\u00bb{}\u00a0\u00bb custom_padding__hover=\u00a0\u00bb|||\u00a0\u00bb][et_pb_text _builder_version=\u00a0\u00bb4.16&Prime; global_colors_info=\u00a0\u00bb{}\u00a0\u00bb]<\/p>\n<p><span style=\"font-size: large;\"><strong>Bo\u00eetes de crayons de couleur AJAFEC<br \/><\/strong><\/span><\/p>\n<p>&nbsp;<\/p>\n<p>&nbsp;<\/p>\n<p>Petites bo\u00eetes de crayon de couleurs en bois aux couleurs de l&rsquo;AJAFEC. Une r\u00e8gle est int\u00e9gr\u00e9e au couvercle !<\/p>\n<p>&nbsp;<\/p>\n<p>Prix de vente : 5.- CHF. Merci de passer commande par e-mail \u00e0 <a href=\"mailto:info@ajafec.ch\">info@ajafec.ch<\/a>.<\/p>\n<p>&nbsp;<\/p>\n<p>&nbsp;<\/p>\n<p>&nbsp;<\/p>\n<p>&nbsp;<\/p>\n<p>&nbsp;<\/p>\n<p>&nbsp;<\/p>\n<p>&nbsp;<\/p>\n<p>[\/et_pb_text][\/et_pb_column][et_pb_column type=\u00a0\u00bb1_2&Prime; _builder_version=\u00a0\u00bb4.16&Prime; custom_padding=\u00a0\u00bb|||\u00a0\u00bb global_colors_info=\u00a0\u00bb{}\u00a0\u00bb custom_padding__hover=\u00a0\u00bb|||\u00a0\u00bb][et_pb_image src=\u00a0\u00bbhttps:\/\/www.ajafec.ch\/wp-content\/uploads\/2022\/03\/20220302_155617.jpg\u00a0\u00bb align_tablet=\u00a0\u00bbcenter\u00a0\u00bb align_last_edited=\u00a0\u00bbon|desktop\u00a0\u00bb _builder_version=\u00a0\u00bb4.16&Prime; max_width=\u00a0\u00bb67%\u00a0\u00bb global_colors_info=\u00a0\u00bb{}\u00a0\u00bb align_phone=\u00a0\u00bbcenter\u00a0\u00bb][\/et_pb_image][et_pb_image src=\u00a0\u00bbhttps:\/\/www.ajafec.ch\/wp-content\/uploads\/2022\/03\/20220304_164816.jpg\u00a0\u00bb align_tablet=\u00a0\u00bbcenter\u00a0\u00bb align_last_edited=\u00a0\u00bbon|desktop\u00a0\u00bb _builder_version=\u00a0\u00bb4.16&Prime; max_width=\u00a0\u00bb67%\u00a0\u00bb global_colors_info=\u00a0\u00bb{}\u00a0\u00bb align_phone=\u00a0\u00bbcenter\u00a0\u00bb][\/et_pb_image][\/et_pb_column][\/et_pb_row][\/et_pb_section]<\/p>\n","protected":false},"excerpt":{"rendered":"<p>Vous trouverez ici diff\u00e9rents produits dont la totalit\u00e9 ou une partie du b\u00e9n\u00e9fice des ventes est destin\u00e9 \u00e0 l&rsquo;AJAFEC. Nous remercions toutes ces entreprises et particuliers pour leur action en faveur de notre association. &nbsp;\u00a0 Puzzles en bois &#8211; Andr\u00e9 Beuchat Ces puzzles en bois sont fabriqu\u00e9s \u00e0 la main par un retrait\u00e9 jurassien, M. [&hellip;]<\/p>\n","protected":false},"author":1,"featured_media":0,"parent":0,"menu_order":0,"comment_status":"closed","ping_status":"closed","template":"","meta":{"_et_pb_use_builder":"on","_et_pb_old_content":"","_et_gb_content_width":"","footnotes":""},"class_list":["post-2638","page","type-page","status-publish","hentry"],"yoast_head":"<!-- This site is optimized with the Yoast SEO plugin v27.3 - https:\/\/yoast.com\/product\/yoast-seo-wordpress\/ -->\n<title>Boutique - AJAFEC<\/title>\n<meta name=\"robots\" content=\"index, follow, max-snippet:-1, max-image-preview:large, max-video-preview:-1\" \/>\n<link rel=\"canonical\" href=\"https:\/\/www.ajafec.ch\/boutique\/\" \/>\n<meta property=\"og:locale\" content=\"fr_FR\" \/>\n<meta property=\"og:type\" content=\"article\" \/>\n<meta property=\"og:title\" content=\"Boutique - AJAFEC\" \/>\n<meta property=\"og:description\" content=\"Vous trouverez ici diff\u00e9rents produits dont la totalit\u00e9 ou une partie du b\u00e9n\u00e9fice des ventes est destin\u00e9 \u00e0 l&#039;AJAFEC. Nous remercions toutes ces entreprises et particuliers pour leur action en faveur de notre association. &nbsp;\u00a0 Puzzles en bois - Andr\u00e9 Beuchat Ces puzzles en bois sont fabriqu\u00e9s \u00e0 la main par un retrait\u00e9 jurassien, M. [&hellip;]\" \/>\n<meta property=\"og:url\" content=\"https:\/\/www.ajafec.ch\/boutique\/\" \/>\n<meta property=\"og:site_name\" content=\"AJAFEC\" \/>\n<meta property=\"article:publisher\" content=\"https:\/\/www.facebook.com\/ajafec\" \/>\n<meta property=\"article:modified_time\" content=\"2025-03-06T21:36:20+00:00\" \/>\n<meta name=\"twitter:card\" content=\"summary_large_image\" \/>\n<meta name=\"twitter:label1\" content=\"Dur\u00e9e de lecture estim\u00e9e\" \/>\n\t<meta name=\"twitter:data1\" content=\"6 minutes\" \/>\n<script type=\"application\/ld+json\" class=\"yoast-schema-graph\">{\"@context\":\"https:\\\/\\\/schema.org\",\"@graph\":[{\"@type\":\"WebPage\",\"@id\":\"https:\\\/\\\/www.ajafec.ch\\\/boutique\\\/\",\"url\":\"https:\\\/\\\/www.ajafec.ch\\\/boutique\\\/\",\"name\":\"Boutique - AJAFEC\",\"isPartOf\":{\"@id\":\"https:\\\/\\\/www.ajafec.ch\\\/#website\"},\"datePublished\":\"2021-04-12T19:02:39+00:00\",\"dateModified\":\"2025-03-06T21:36:20+00:00\",\"breadcrumb\":{\"@id\":\"https:\\\/\\\/www.ajafec.ch\\\/boutique\\\/#breadcrumb\"},\"inLanguage\":\"fr-FR\",\"potentialAction\":[{\"@type\":\"ReadAction\",\"target\":[\"https:\\\/\\\/www.ajafec.ch\\\/boutique\\\/\"]}]},{\"@type\":\"BreadcrumbList\",\"@id\":\"https:\\\/\\\/www.ajafec.ch\\\/boutique\\\/#breadcrumb\",\"itemListElement\":[{\"@type\":\"ListItem\",\"position\":1,\"name\":\"Accueil\",\"item\":\"https:\\\/\\\/www.ajafec.ch\\\/\"},{\"@type\":\"ListItem\",\"position\":2,\"name\":\"Boutique\"}]},{\"@type\":\"WebSite\",\"@id\":\"https:\\\/\\\/www.ajafec.ch\\\/#website\",\"url\":\"https:\\\/\\\/www.ajafec.ch\\\/\",\"name\":\"AJAFEC\",\"description\":\"Association Jurassienne d&#039;Aide aux Familles d&#039;Enfants atteints de Cancer\",\"publisher\":{\"@id\":\"https:\\\/\\\/www.ajafec.ch\\\/#organization\"},\"potentialAction\":[{\"@type\":\"SearchAction\",\"target\":{\"@type\":\"EntryPoint\",\"urlTemplate\":\"https:\\\/\\\/www.ajafec.ch\\\/?s={search_term_string}\"},\"query-input\":{\"@type\":\"PropertyValueSpecification\",\"valueRequired\":true,\"valueName\":\"search_term_string\"}}],\"inLanguage\":\"fr-FR\"},{\"@type\":\"Organization\",\"@id\":\"https:\\\/\\\/www.ajafec.ch\\\/#organization\",\"name\":\"AJAFEC\",\"url\":\"https:\\\/\\\/www.ajafec.ch\\\/\",\"logo\":{\"@type\":\"ImageObject\",\"inLanguage\":\"fr-FR\",\"@id\":\"https:\\\/\\\/www.ajafec.ch\\\/#\\\/schema\\\/logo\\\/image\\\/\",\"url\":\"https:\\\/\\\/www.ajafec.ch\\\/wp-content\\\/uploads\\\/2026\\\/04\\\/image_2026-04-01_224608345.png\",\"contentUrl\":\"https:\\\/\\\/www.ajafec.ch\\\/wp-content\\\/uploads\\\/2026\\\/04\\\/image_2026-04-01_224608345.png\",\"width\":599,\"height\":388,\"caption\":\"AJAFEC\"},\"image\":{\"@id\":\"https:\\\/\\\/www.ajafec.ch\\\/#\\\/schema\\\/logo\\\/image\\\/\"},\"sameAs\":[\"https:\\\/\\\/www.facebook.com\\\/ajafec\"]}]}<\/script>\n<!-- \/ Yoast SEO plugin. -->","yoast_head_json":{"title":"Boutique - AJAFEC","robots":{"index":"index","follow":"follow","max-snippet":"max-snippet:-1","max-image-preview":"max-image-preview:large","max-video-preview":"max-video-preview:-1"},"canonical":"https:\/\/www.ajafec.ch\/boutique\/","og_locale":"fr_FR","og_type":"article","og_title":"Boutique - AJAFEC","og_description":"Vous trouverez ici diff\u00e9rents produits dont la totalit\u00e9 ou une partie du b\u00e9n\u00e9fice des ventes est destin\u00e9 \u00e0 l'AJAFEC. Nous remercions toutes ces entreprises et particuliers pour leur action en faveur de notre association. &nbsp;\u00a0 Puzzles en bois - Andr\u00e9 Beuchat Ces puzzles en bois sont fabriqu\u00e9s \u00e0 la main par un retrait\u00e9 jurassien, M. [&hellip;]","og_url":"https:\/\/www.ajafec.ch\/boutique\/","og_site_name":"AJAFEC","article_publisher":"https:\/\/www.facebook.com\/ajafec","article_modified_time":"2025-03-06T21:36:20+00:00","twitter_card":"summary_large_image","twitter_misc":{"Dur\u00e9e de lecture estim\u00e9e":"6 minutes"},"schema":{"@context":"https:\/\/schema.org","@graph":[{"@type":"WebPage","@id":"https:\/\/www.ajafec.ch\/boutique\/","url":"https:\/\/www.ajafec.ch\/boutique\/","name":"Boutique - AJAFEC","isPartOf":{"@id":"https:\/\/www.ajafec.ch\/#website"},"datePublished":"2021-04-12T19:02:39+00:00","dateModified":"2025-03-06T21:36:20+00:00","breadcrumb":{"@id":"https:\/\/www.ajafec.ch\/boutique\/#breadcrumb"},"inLanguage":"fr-FR","potentialAction":[{"@type":"ReadAction","target":["https:\/\/www.ajafec.ch\/boutique\/"]}]},{"@type":"BreadcrumbList","@id":"https:\/\/www.ajafec.ch\/boutique\/#breadcrumb","itemListElement":[{"@type":"ListItem","position":1,"name":"Accueil","item":"https:\/\/www.ajafec.ch\/"},{"@type":"ListItem","position":2,"name":"Boutique"}]},{"@type":"WebSite","@id":"https:\/\/www.ajafec.ch\/#website","url":"https:\/\/www.ajafec.ch\/","name":"AJAFEC","description":"Association Jurassienne d&#039;Aide aux Familles d&#039;Enfants atteints de Cancer","publisher":{"@id":"https:\/\/www.ajafec.ch\/#organization"},"potentialAction":[{"@type":"SearchAction","target":{"@type":"EntryPoint","urlTemplate":"https:\/\/www.ajafec.ch\/?s={search_term_string}"},"query-input":{"@type":"PropertyValueSpecification","valueRequired":true,"valueName":"search_term_string"}}],"inLanguage":"fr-FR"},{"@type":"Organization","@id":"https:\/\/www.ajafec.ch\/#organization","name":"AJAFEC","url":"https:\/\/www.ajafec.ch\/","logo":{"@type":"ImageObject","inLanguage":"fr-FR","@id":"https:\/\/www.ajafec.ch\/#\/schema\/logo\/image\/","url":"https:\/\/www.ajafec.ch\/wp-content\/uploads\/2026\/04\/image_2026-04-01_224608345.png","contentUrl":"https:\/\/www.ajafec.ch\/wp-content\/uploads\/2026\/04\/image_2026-04-01_224608345.png","width":599,"height":388,"caption":"AJAFEC"},"image":{"@id":"https:\/\/www.ajafec.ch\/#\/schema\/logo\/image\/"},"sameAs":["https:\/\/www.facebook.com\/ajafec"]}]}},"_links":{"self":[{"href":"https:\/\/www.ajafec.ch\/wp-json\/wp\/v2\/pages\/2638","targetHints":{"allow":["GET"]}}],"collection":[{"href":"https:\/\/www.ajafec.ch\/wp-json\/wp\/v2\/pages"}],"about":[{"href":"https:\/\/www.ajafec.ch\/wp-json\/wp\/v2\/types\/page"}],"author":[{"embeddable":true,"href":"https:\/\/www.ajafec.ch\/wp-json\/wp\/v2\/users\/1"}],"replies":[{"embeddable":true,"href":"https:\/\/www.ajafec.ch\/wp-json\/wp\/v2\/comments?post=2638"}],"version-history":[{"count":14,"href":"https:\/\/www.ajafec.ch\/wp-json\/wp\/v2\/pages\/2638\/revisions"}],"predecessor-version":[{"id":3471,"href":"https:\/\/www.ajafec.ch\/wp-json\/wp\/v2\/pages\/2638\/revisions\/3471"}],"wp:attachment":[{"href":"https:\/\/www.ajafec.ch\/wp-json\/wp\/v2\/media?parent=2638"}],"curies":[{"name":"wp","href":"https:\/\/api.w.org\/{rel}","templated":true}]}}